{"id":16223,"date":"2024-11-17T17:45:24","date_gmt":"2024-11-17T17:45:24","guid":{"rendered":"https:\/\/arganir.com\/?post_type=product&#038;p=16223"},"modified":"2025-02-06T18:37:21","modified_gmt":"2025-02-06T18:37:21","slug":"%d8%a7%d9%84%d9%82%d9%86%d8%a8%d9%84%d8%a9-%d8%a7%d9%84%d8%ad%d9%8a%d9%88%d9%8a%d8%a9500%d8%ac%d8%b1%d8%a7%d9%85","status":"publish","type":"product","link":"https:\/\/arganir.com\/fr\/produit\/%d8%a7%d9%84%d9%82%d9%86%d8%a8%d9%84%d8%a9-%d8%a7%d9%84%d8%ad%d9%8a%d9%88%d9%8a%d8%a9500%d8%ac%d8%b1%d8%a7%d9%85\/","title":{"rendered":"Bombe Energ\u00e9tique 500g"},"content":{"rendered":"<p style=\"text-align: center;\"><strong>Elle stimule l'organisme, prot\u00e8ge contre les maladies, les rhumes et les virus, tout en apportant vitalit\u00e9, \u00e9nergie et en r\u00e9gulant les hormones.<\/strong><\/p>\n<p style=\"text-align: center;\"><strong>Elle est b\u00e9n\u00e9fique en cas d\u2019an\u00e9mie et renforce le syst\u00e8me immunitaire.<\/strong><\/p>","protected":false},"excerpt":{"rendered":"<p style=\"text-align: center;\"><strong>Elle stimule l'organisme, prot\u00e8ge contre les maladies, les rhumes et les virus, tout en apportant vitalit\u00e9, \u00e9nergie et en r\u00e9gulant les hormones.<\/strong><\/p>\n<p style=\"text-align: center;\"><strong>Elle est b\u00e9n\u00e9fique en cas d\u2019an\u00e9mie et renforce le syst\u00e8me immunitaire.<\/strong><\/p>","protected":false},"featured_media":16004,"template":"","meta":{"_acf_changed":false,"_joinchat":[]},"product_cat":[260],"product_tag":[],"class_list":{"0":"post-16223","1":"product","2":"type-product","3":"status-publish","4":"has-post-thumbnail","6":"product_cat-mixts","8":"first","9":"instock","10":"shipping-taxable","11":"purchasable","12":"product-type-simple"},"acf":[],"_links":{"self":[{"href":"https:\/\/arganir.com\/fr\/wp-json\/wp\/v2\/product\/16223"}],"collection":[{"href":"https:\/\/arganir.com\/fr\/wp-json\/wp\/v2\/product"}],"about":[{"href":"https:\/\/arganir.com\/fr\/wp-json\/wp\/v2\/types\/product"}],"version-history":[{"count":2,"href":"https:\/\/arganir.com\/fr\/wp-json\/wp\/v2\/product\/16223\/revisions"}],"predecessor-version":[{"id":16323,"href":"https:\/\/arganir.com\/fr\/wp-json\/wp\/v2\/product\/16223\/revisions\/16323"}],"wp:featuredmedia":[{"embeddable":true,"href":"https:\/\/arganir.com\/fr\/wp-json\/wp\/v2\/media\/16004"}],"wp:attachment":[{"href":"https:\/\/arganir.com\/fr\/wp-json\/wp\/v2\/media?parent=16223"}],"wp:term":[{"taxonomy":"product_cat","embeddable":true,"href":"https:\/\/arganir.com\/fr\/wp-json\/wp\/v2\/product_cat?post=16223"},{"taxonomy":"product_tag","embeddable":true,"href":"https:\/\/arganir.com\/fr\/wp-json\/wp\/v2\/product_tag?post=16223"}],"curies":[{"name":"wp","href":"https:\/\/api.w.org\/{rel}","templated":true}]}}