{"id":16099,"date":"2024-10-14T03:26:01","date_gmt":"2024-10-14T03:26:01","guid":{"rendered":"https:\/\/arganir.com\/?post_type=product&#038;p=16099"},"modified":"2025-02-06T18:25:24","modified_gmt":"2025-02-06T18:25:24","slug":"%d8%ae%d9%84%d8%b7%d8%a9-%d8%a7%d9%84%d8%ae%d8%b5%d9%88%d8%a8%d8%a9","status":"publish","type":"product","link":"https:\/\/arganir.com\/fr\/produit\/%d8%ae%d9%84%d8%b7%d8%a9-%d8%a7%d9%84%d8%ae%d8%b5%d9%88%d8%a8%d8%a9\/","title":{"rendered":"M\u00e9lange pour la fertilit\u00e9 250g"},"content":{"rendered":"<p style=\"text-align: center;\"><strong>Le m\u00e9lange de fertilit\u00e9 est une combinaison de produits apicoles, comprenant de la propolis, du ginseng, de la gel\u00e9e royale, du pollen de palmier et du pollen,<\/strong><br \/>\n<strong>dans des doses m\u00e9dicales s\u00fbres.<\/strong><br \/>\n<strong>Aide \u00e0 am\u00e9liorer les niveaux de l'hormone masculine (testost\u00e9rone).<\/strong><br \/>\n<strong>Am\u00e9lioration notable de l'activit\u00e9 physique.<\/strong><br \/>\n<strong>Augmente la fertilit\u00e9 masculine et renforce la production et le nombre de. <\/strong><br \/>\n<strong>spermatozo\u00efdes<\/strong><br \/>\n<strong>Am\u00e9liore la fonction de la glande thyro\u00efde.<\/strong><br \/>\n<strong>B\u00e9n\u00e9fique en cas d'infertilit\u00e9.<\/strong><br \/>\n<strong>Utile pour les femmes rencontrant des probl\u00e8mes de fertilit\u00e9, d'ovulation et de syndrome des ovaires polykystiques.<\/strong><\/p>","protected":false},"excerpt":{"rendered":"<p style=\"text-align: center;\"><strong>Le m\u00e9lange de fertilit\u00e9 est une combinaison de produits apicoles, comprenant de la propolis, du ginseng, de la gel\u00e9e royale, du pollen de palmier et du pollen,<\/strong><br \/>\n<strong>dans des doses m\u00e9dicales s\u00fbres.<\/strong><br \/>\n<strong>Aide \u00e0 am\u00e9liorer les niveaux de l'hormone masculine (testost\u00e9rone).<\/strong><br \/>\n<strong>Am\u00e9lioration notable de l'activit\u00e9 physique.<\/strong><br \/>\n<strong>Augmente la fertilit\u00e9 masculine et renforce la production et le nombre de. <\/strong><br \/>\n<strong>spermatozo\u00efdes<\/strong><br \/>\n<strong>Am\u00e9liore la fonction de la glande thyro\u00efde.<\/strong><br \/>\n<strong>B\u00e9n\u00e9fique en cas d'infertilit\u00e9.<\/strong><br \/>\n<strong>Utile pour les femmes rencontrant des probl\u00e8mes de fertilit\u00e9, d'ovulation et de syndrome des ovaires polykystiques.<\/strong><\/p>","protected":false},"featured_media":16006,"template":"","meta":{"_acf_changed":false,"_joinchat":[]},"product_cat":[260],"product_tag":[],"class_list":{"0":"post-16099","1":"product","2":"type-product","3":"status-publish","4":"has-post-thumbnail","6":"product_cat-mixts","8":"first","9":"instock","10":"shipping-taxable","11":"purchasable","12":"product-type-simple"},"acf":[],"_links":{"self":[{"href":"https:\/\/arganir.com\/fr\/wp-json\/wp\/v2\/product\/16099"}],"collection":[{"href":"https:\/\/arganir.com\/fr\/wp-json\/wp\/v2\/product"}],"about":[{"href":"https:\/\/arganir.com\/fr\/wp-json\/wp\/v2\/types\/product"}],"version-history":[{"count":4,"href":"https:\/\/arganir.com\/fr\/wp-json\/wp\/v2\/product\/16099\/revisions"}],"predecessor-version":[{"id":16320,"href":"https:\/\/arganir.com\/fr\/wp-json\/wp\/v2\/product\/16099\/revisions\/16320"}],"wp:featuredmedia":[{"embeddable":true,"href":"https:\/\/arganir.com\/fr\/wp-json\/wp\/v2\/media\/16006"}],"wp:attachment":[{"href":"https:\/\/arganir.com\/fr\/wp-json\/wp\/v2\/media?parent=16099"}],"wp:term":[{"taxonomy":"product_cat","embeddable":true,"href":"https:\/\/arganir.com\/fr\/wp-json\/wp\/v2\/product_cat?post=16099"},{"taxonomy":"product_tag","embeddable":true,"href":"https:\/\/arganir.com\/fr\/wp-json\/wp\/v2\/product_tag?post=16099"}],"curies":[{"name":"wp","href":"https:\/\/api.w.org\/{rel}","templated":true}]}}