{"id":16097,"date":"2024-10-14T03:25:26","date_gmt":"2024-10-14T03:25:26","guid":{"rendered":"https:\/\/arganir.com\/?post_type=product&#038;p=16097"},"modified":"2025-02-06T18:30:25","modified_gmt":"2025-02-06T18:30:25","slug":"%d8%ae%d9%84%d8%b7%d8%a9-%d8%ac%d8%b1%d8%ab%d9%88%d9%85%d8%a9-%d8%a7%d9%84%d9%85%d8%b9%d8%af%d8%a9","status":"publish","type":"product","link":"https:\/\/arganir.com\/fr\/produit\/%d8%ae%d9%84%d8%b7%d8%a9-%d8%ac%d8%b1%d8%ab%d9%88%d9%85%d8%a9-%d8%a7%d9%84%d9%85%d8%b9%d8%af%d8%a9\/","title":{"rendered":"M\u00e9lange bact\u00e9rien gastrique 250g"},"content":{"rendered":"<p style=\"text-align: center;\"><strong>Un m\u00e9lange pour traiter la bact\u00e9rie Helicobacter pylori, compos\u00e9 de miel de chardon, de produits apicoles tels que la propolis, la gel\u00e9e royale, le pollen, et des herbes m\u00e9dicinales comme le ginkgo biloba et l'herbe Ali\u2019s stick,<\/strong><br \/>\n<strong>dans des doses s\u00fbres et m\u00e9dicales.\u00c9limine la bact\u00e9rie Helicobacter pylori.\nTraite les probl\u00e8mes digestifs et aide \u00e0 r\u00e9g\u00e9n\u00e9rer la muqueuse gastrique.<\/strong><\/p>","protected":false},"excerpt":{"rendered":"<p style=\"text-align: center;\"><strong>Un m\u00e9lange pour traiter la bact\u00e9rie Helicobacter pylori, compos\u00e9 de miel de chardon, de produits apicoles tels que la propolis, la gel\u00e9e royale,<\/strong><strong> le pollen, et des herbes m\u00e9dicinales comme le ginkgo biloba et l'herbe Ali\u2019s stick,<\/strong><br \/>\n<strong>dans des doses s\u00fbres et m\u00e9dicales.\u00c9limine la bact\u00e9rie Helicobacter pylori.\nTraite les probl\u00e8mes digestifs et aide \u00e0 r\u00e9g\u00e9n\u00e9rer la muqueuse gastrique.<\/strong><\/p>","protected":false},"featured_media":16005,"template":"","meta":{"_acf_changed":false,"_joinchat":[]},"product_cat":[260],"product_tag":[],"class_list":{"0":"post-16097","1":"product","2":"type-product","3":"status-publish","4":"has-post-thumbnail","6":"product_cat-mixts","8":"first","9":"instock","10":"shipping-taxable","11":"purchasable","12":"product-type-simple"},"acf":[],"_links":{"self":[{"href":"https:\/\/arganir.com\/fr\/wp-json\/wp\/v2\/product\/16097"}],"collection":[{"href":"https:\/\/arganir.com\/fr\/wp-json\/wp\/v2\/product"}],"about":[{"href":"https:\/\/arganir.com\/fr\/wp-json\/wp\/v2\/types\/product"}],"version-history":[{"count":4,"href":"https:\/\/arganir.com\/fr\/wp-json\/wp\/v2\/product\/16097\/revisions"}],"predecessor-version":[{"id":16321,"href":"https:\/\/arganir.com\/fr\/wp-json\/wp\/v2\/product\/16097\/revisions\/16321"}],"wp:featuredmedia":[{"embeddable":true,"href":"https:\/\/arganir.com\/fr\/wp-json\/wp\/v2\/media\/16005"}],"wp:attachment":[{"href":"https:\/\/arganir.com\/fr\/wp-json\/wp\/v2\/media?parent=16097"}],"wp:term":[{"taxonomy":"product_cat","embeddable":true,"href":"https:\/\/arganir.com\/fr\/wp-json\/wp\/v2\/product_cat?post=16097"},{"taxonomy":"product_tag","embeddable":true,"href":"https:\/\/arganir.com\/fr\/wp-json\/wp\/v2\/product_tag?post=16097"}],"curies":[{"name":"wp","href":"https:\/\/api.w.org\/{rel}","templated":true}]}}