{"id":16093,"date":"2024-10-14T03:23:32","date_gmt":"2024-10-14T03:23:32","guid":{"rendered":"https:\/\/arganir.com\/?post_type=product&#038;p=16093"},"modified":"2025-02-06T18:35:07","modified_gmt":"2025-02-06T18:35:07","slug":"%d8%ae%d9%84%d8%b7%d8%a9-%d8%a7%d9%84%d9%82%d9%88%d9%84%d9%88%d9%86-%d8%a7%d9%84%d8%b9%d8%b5%d8%a8%d9%8a","status":"publish","type":"product","link":"https:\/\/arganir.com\/fr\/produit\/%d8%ae%d9%84%d8%b7%d8%a9-%d8%a7%d9%84%d9%82%d9%88%d9%84%d9%88%d9%86-%d8%a7%d9%84%d8%b9%d8%b5%d8%a8%d9%8a\/","title":{"rendered":"M\u00e9lange du c\u00f4lon irritable 250 grammes"},"content":{"rendered":"<p style=\"text-align: center;\"><strong>Un m\u00e9lange efficace pour traiter le syndrome du c\u00f4lon irritable, compos\u00e9 de miel de chardon, de produits apicoles tels que la propolis, la gel\u00e9e royale, le pollen, la maca, la propolis, le pollen de palmier et des graines de chia, dans des doses s\u00fbres et m\u00e9dicales. <\/strong><br \/>\n<strong>\u00c9limine les probl\u00e8mes li\u00e9s au syndrome du c\u00f4lon irritable et am\u00e9liore la motilit\u00e9 intestinale.\nR\u00e9duit le stress et poss\u00e8de des propri\u00e9t\u00e9s anti-inflammatoires.\nPr\u00e9vient les sympt\u00f4mes associ\u00e9s aux troubles intestinaux, y compris le syndrome du c\u00f4lon irritable et la fonction irr\u00e9guli\u00e8re du c\u00f4lon.<\/strong><\/p>","protected":false},"excerpt":{"rendered":"<p style=\"text-align: center;\"><strong>Un m\u00e9lange efficace pour traiter le syndrome du c\u00f4lon irritable, compos\u00e9 de miel de chardon, de produits apicoles tels que la propolis, la gel\u00e9e royale, le pollen, la maca, la propolis, le pollen de palmier et des graines de chia, dans des doses s\u00fbres et m\u00e9dicales. <\/strong><br \/>\n<strong>\u00c9limine les probl\u00e8mes li\u00e9s au syndrome du c\u00f4lon irritable et am\u00e9liore la motilit\u00e9 intestinale.\nR\u00e9duit le stress et poss\u00e8de des propri\u00e9t\u00e9s anti-inflammatoires.\nPr\u00e9vient les sympt\u00f4mes associ\u00e9s aux troubles intestinaux, y compris le syndrome du c\u00f4lon irritable et la fonction irr\u00e9guli\u00e8re du c\u00f4lon.<\/strong><\/p>","protected":false},"featured_media":16003,"template":"","meta":{"_acf_changed":false,"_joinchat":[]},"product_cat":[260],"product_tag":[],"class_list":{"0":"post-16093","1":"product","2":"type-product","3":"status-publish","4":"has-post-thumbnail","6":"product_cat-mixts","8":"first","9":"instock","10":"shipping-taxable","11":"purchasable","12":"product-type-simple"},"acf":[],"_links":{"self":[{"href":"https:\/\/arganir.com\/fr\/wp-json\/wp\/v2\/product\/16093"}],"collection":[{"href":"https:\/\/arganir.com\/fr\/wp-json\/wp\/v2\/product"}],"about":[{"href":"https:\/\/arganir.com\/fr\/wp-json\/wp\/v2\/types\/product"}],"version-history":[{"count":3,"href":"https:\/\/arganir.com\/fr\/wp-json\/wp\/v2\/product\/16093\/revisions"}],"predecessor-version":[{"id":16322,"href":"https:\/\/arganir.com\/fr\/wp-json\/wp\/v2\/product\/16093\/revisions\/16322"}],"wp:featuredmedia":[{"embeddable":true,"href":"https:\/\/arganir.com\/fr\/wp-json\/wp\/v2\/media\/16003"}],"wp:attachment":[{"href":"https:\/\/arganir.com\/fr\/wp-json\/wp\/v2\/media?parent=16093"}],"wp:term":[{"taxonomy":"product_cat","embeddable":true,"href":"https:\/\/arganir.com\/fr\/wp-json\/wp\/v2\/product_cat?post=16093"},{"taxonomy":"product_tag","embeddable":true,"href":"https:\/\/arganir.com\/fr\/wp-json\/wp\/v2\/product_tag?post=16093"}],"curies":[{"name":"wp","href":"https:\/\/api.w.org\/{rel}","templated":true}]}}