{"id":16071,"date":"2024-10-14T03:09:38","date_gmt":"2024-10-14T03:09:38","guid":{"rendered":"https:\/\/arganir.com\/?post_type=product&#038;p=16071"},"modified":"2025-02-05T16:23:42","modified_gmt":"2025-02-05T16:23:42","slug":"%d8%b9%d8%b3%d9%84-%d8%a7%d9%84%d8%af%d8%ba%d9%85%d9%88%d8%b3-500-%d8%ac%d8%b1%d8%a7%d9%85","status":"publish","type":"product","link":"https:\/\/arganir.com\/fr\/produit\/%d8%b9%d8%b3%d9%84-%d8%a7%d9%84%d8%af%d8%ba%d9%85%d9%88%d8%b3-500-%d8%ac%d8%b1%d8%a7%d9%85\/","title":{"rendered":"Miel d'Euphorbe 500g"},"content":{"rendered":"<p style=\"text-align: center;\"><strong>Il provient de la r\u00e9gion des Ait Baamran au Maroc et est r\u00e9colt\u00e9 de mani\u00e8re traditionnelle.<\/strong><\/p>\n<p style=\"text-align: center;\"><strong>Les propri\u00e9t\u00e9s m\u00e9dicinales de ce miel sont nombreuses.<\/strong><\/p>\n<p style=\"text-align: center;\"><strong>Tonifiant : Traite les infections de la gorge.<\/strong><\/p>\n<p style=\"text-align: center;\"><strong>R\u00e9chauffe : Soulage la toux.<\/strong><\/p>\n<p style=\"text-align: center;\"><strong>Propri\u00e9t\u00e9s m\u00e9dicinales traditionnelles : Hypertension, maladies cardiovasculaires et asthme allergique<\/strong><\/p>","protected":false},"excerpt":{"rendered":"<p style=\"text-align: center;\"><strong>Il provient de la r\u00e9gion des Ait Baamran au Maroc et est r\u00e9colt\u00e9 de mani\u00e8re traditionnelle.<\/strong><\/p>\n<p style=\"text-align: center;\"><strong>Les propri\u00e9t\u00e9s m\u00e9dicinales de ce miel sont nombreuses.<\/strong><\/p>\n<p style=\"text-align: center;\"><strong>Tonifiant : Traite les infections de la gorge.<\/strong><\/p>\n<p style=\"text-align: center;\"><strong>R\u00e9chauffe : Soulage la toux.<\/strong><\/p>\n<p style=\"text-align: center;\"><strong>Propri\u00e9t\u00e9s m\u00e9dicinales traditionnelles : Hypertension, maladies cardiovasculaires et asthme allergique<\/strong><\/p>","protected":false},"featured_media":15987,"template":"","meta":{"_acf_changed":false,"_joinchat":[]},"product_cat":[255],"product_tag":[],"class_list":{"0":"post-16071","1":"product","2":"type-product","3":"status-publish","4":"has-post-thumbnail","6":"product_cat-miel","8":"first","9":"instock","10":"featured","11":"shipping-taxable","12":"purchasable","13":"product-type-simple"},"acf":[],"_links":{"self":[{"href":"https:\/\/arganir.com\/fr\/wp-json\/wp\/v2\/product\/16071"}],"collection":[{"href":"https:\/\/arganir.com\/fr\/wp-json\/wp\/v2\/product"}],"about":[{"href":"https:\/\/arganir.com\/fr\/wp-json\/wp\/v2\/types\/product"}],"version-history":[{"count":5,"href":"https:\/\/arganir.com\/fr\/wp-json\/wp\/v2\/product\/16071\/revisions"}],"predecessor-version":[{"id":16199,"href":"https:\/\/arganir.com\/fr\/wp-json\/wp\/v2\/product\/16071\/revisions\/16199"}],"wp:featuredmedia":[{"embeddable":true,"href":"https:\/\/arganir.com\/fr\/wp-json\/wp\/v2\/media\/15987"}],"wp:attachment":[{"href":"https:\/\/arganir.com\/fr\/wp-json\/wp\/v2\/media?parent=16071"}],"wp:term":[{"taxonomy":"product_cat","embeddable":true,"href":"https:\/\/arganir.com\/fr\/wp-json\/wp\/v2\/product_cat?post=16071"},{"taxonomy":"product_tag","embeddable":true,"href":"https:\/\/arganir.com\/fr\/wp-json\/wp\/v2\/product_tag?post=16071"}],"curies":[{"name":"wp","href":"https:\/\/api.w.org\/{rel}","templated":true}]}}