{"id":16068,"date":"2024-10-14T03:05:20","date_gmt":"2024-10-14T03:05:20","guid":{"rendered":"https:\/\/arganir.com\/?post_type=product&#038;p=16068"},"modified":"2025-02-05T16:24:00","modified_gmt":"2025-02-05T16:24:00","slug":"%d8%b9%d8%b3%d9%84-%d8%a7%d9%84%d8%b2%d8%b9%d8%aa%d8%b1-500-%d8%ac%d8%b1%d8%a7%d9%85","status":"publish","type":"product","link":"https:\/\/arganir.com\/fr\/produit\/%d8%b9%d8%b3%d9%84-%d8%a7%d9%84%d8%b2%d8%b9%d8%aa%d8%b1-500-%d8%ac%d8%b1%d8%a7%d9%85\/","title":{"rendered":"Miel de thym 500g"},"content":{"rendered":"<p style=\"text-align: center;\"><strong>Provenant de la r\u00e9gion de Rachidiya, elle est extr\u00eamement parfum\u00e9e, d'un go\u00fbt incomparable et poss\u00e8de des propri\u00e9t\u00e9s th\u00e9rapeutiques et m\u00e9dicinales exceptionnelles.<\/strong><\/p>\n<p style=\"text-align: center;\"><strong>Antiseptique : Aide \u00e0 pr\u00e9venir le d\u00e9veloppement des bact\u00e9ries<\/strong><\/p>\n<p style=\"text-align: center;\"><strong>Acc\u00e9l\u00e8re la cicatrisation de la peau et est antifongique gr\u00e2ce au thymol et au carvacrol.<\/strong><\/p>\n<p style=\"text-align: center;\"><strong>Tonifiante : Recommand\u00e9 en cas de grippe, de toux ou de maux de gorge.<\/strong><\/p>\n<p style=\"text-align: center;\"><strong>Le miel de thym poss\u00e8de \u00e9galement d'autres propri\u00e9t\u00e9s digestives, antigrippales, anti-inflammatoires et antibact\u00e9riennes.<\/strong><\/p>","protected":false},"excerpt":{"rendered":"<p style=\"text-align: center;\"><strong>Provenant de la r\u00e9gion de Rachidiya, elle est extr\u00eamement parfum\u00e9e, d'un go\u00fbt incomparable et poss\u00e8de des propri\u00e9t\u00e9s th\u00e9rapeutiques et m\u00e9dicinales exceptionnelles.<\/strong><\/p>\n<p style=\"text-align: center;\"><strong>Antiseptique : Aide \u00e0 pr\u00e9venir le d\u00e9veloppement des bact\u00e9ries<\/strong><\/p>\n<p style=\"text-align: center;\"><strong>Acc\u00e9l\u00e8re la cicatrisation de la peau et est antifongique gr\u00e2ce au thymol et au carvacrol.<\/strong><\/p>\n<p style=\"text-align: center;\"><strong>Tonifiante : Recommand\u00e9 en cas de grippe, de toux ou de maux de gorge.<\/strong><\/p>\n<p style=\"text-align: center;\"><strong>Le miel de thym poss\u00e8de \u00e9galement d'autres propri\u00e9t\u00e9s digestives, antigrippales, anti-inflammatoires et antibact\u00e9riennes.<\/strong><\/p>","protected":false},"featured_media":15997,"template":"","meta":{"_acf_changed":false,"_joinchat":[]},"product_cat":[255],"product_tag":[],"class_list":{"0":"post-16068","1":"product","2":"type-product","3":"status-publish","4":"has-post-thumbnail","6":"product_cat-miel","8":"first","9":"instock","10":"featured","11":"shipping-taxable","12":"purchasable","13":"product-type-simple"},"acf":[],"_links":{"self":[{"href":"https:\/\/arganir.com\/fr\/wp-json\/wp\/v2\/product\/16068"}],"collection":[{"href":"https:\/\/arganir.com\/fr\/wp-json\/wp\/v2\/product"}],"about":[{"href":"https:\/\/arganir.com\/fr\/wp-json\/wp\/v2\/types\/product"}],"version-history":[{"count":3,"href":"https:\/\/arganir.com\/fr\/wp-json\/wp\/v2\/product\/16068\/revisions"}],"predecessor-version":[{"id":16200,"href":"https:\/\/arganir.com\/fr\/wp-json\/wp\/v2\/product\/16068\/revisions\/16200"}],"wp:featuredmedia":[{"embeddable":true,"href":"https:\/\/arganir.com\/fr\/wp-json\/wp\/v2\/media\/15997"}],"wp:attachment":[{"href":"https:\/\/arganir.com\/fr\/wp-json\/wp\/v2\/media?parent=16068"}],"wp:term":[{"taxonomy":"product_cat","embeddable":true,"href":"https:\/\/arganir.com\/fr\/wp-json\/wp\/v2\/product_cat?post=16068"},{"taxonomy":"product_tag","embeddable":true,"href":"https:\/\/arganir.com\/fr\/wp-json\/wp\/v2\/product_tag?post=16068"}],"curies":[{"name":"wp","href":"https:\/\/api.w.org\/{rel}","templated":true}]}}