{"id":16061,"date":"2024-10-14T03:01:36","date_gmt":"2024-10-14T03:01:36","guid":{"rendered":"https:\/\/arganir.com\/?post_type=product&#038;p=16061"},"modified":"2025-02-05T16:23:52","modified_gmt":"2025-02-05T16:23:52","slug":"%d8%b9%d8%b3%d9%84-%d8%a7%d9%84%d8%a7%d9%83%d8%a7%d9%84%d8%a8%d8%aa%d9%88%d8%b3-500-%d8%ac%d8%b1%d8%a7%d9%85","status":"publish","type":"product","link":"https:\/\/arganir.com\/fr\/produit\/%d8%b9%d8%b3%d9%84-%d8%a7%d9%84%d8%a7%d9%83%d8%a7%d9%84%d8%a8%d8%aa%d9%88%d8%b3-500-%d8%ac%d8%b1%d8%a7%d9%85\/","title":{"rendered":"Miel d'eucalyptus 500g"},"content":{"rendered":"<p style=\"text-align: center;\"><strong>Il vient de la r\u00e9gion de Safi<\/strong><\/p>\n<p style=\"text-align: center;\"><strong><a href=\"https:\/\/ortan-nature.com\/ar\/boutique\/%d8%b9%d8%b3%d9%84-%d8%a7%d9%84%d8%ae%d8%b1%d9%88%d8%a8\/\">Miel<\/a>\u00a0d'eucalyptus est un produit naturel distinctif obtenu \u00e0 partir de la plante d'eucalyptus, contenant une vari\u00e9t\u00e9 d'avantages pour la sant\u00e9 qui le rendent appr\u00e9ci\u00e9 par de nombreuses personnes.<\/strong><\/p>\n<p style=\"text-align: center;\"><strong>Am\u00e9lioration du syst\u00e8me immunitaire<\/strong><\/p>\n<p style=\"text-align: center;\"><strong>Soulager l'inflammation<\/strong><\/p>\n<p style=\"text-align: center;\"><strong>Calme la toux et soulage la congestion.<\/strong><\/p>\n<p style=\"text-align: center;\"><strong>Am\u00e9liorer la sant\u00e9 de la peau<\/strong><\/p>\n<p style=\"text-align: center;\"><strong>Renforcer le syst\u00e8me immunitaire<\/strong><\/p>\n<p style=\"text-align: center;\"><strong>Anti-inflammatoire<\/strong><\/p>\n<p style=\"text-align: center;\"><strong>Calme la toux et soulage la congestion.<\/strong><\/p>\n<p style=\"text-align: center;\"><strong>Am\u00e9liorer la sant\u00e9 de la peau<\/strong><\/p>","protected":false},"excerpt":{"rendered":"<p style=\"text-align: center;\"><strong>Il vient de la r\u00e9gion de Safi<\/strong><\/p>\n<p style=\"text-align: center;\"><strong><a href=\"https:\/\/ortan-nature.com\/ar\/boutique\/%d8%b9%d8%b3%d9%84-%d8%a7%d9%84%d8%ae%d8%b1%d9%88%d8%a8\/\">Miel<\/a>\u00a0d'eucalyptus est un produit naturel distinctif obtenu \u00e0 partir de la plante d'eucalyptus, contenant une vari\u00e9t\u00e9 d'avantages pour la sant\u00e9 qui le rendent appr\u00e9ci\u00e9 par de nombreuses personnes.<\/strong><\/p>\n<p style=\"text-align: center;\"><strong>Am\u00e9lioration du syst\u00e8me immunitaire<\/strong><\/p>\n<p style=\"text-align: center;\"><strong>Soulager l'inflammation<\/strong><\/p>\n<p style=\"text-align: center;\"><strong>Calme la toux et soulage la congestion.<\/strong><\/p>\n<p style=\"text-align: center;\"><strong>Am\u00e9liorer la sant\u00e9 de la peau<\/strong><\/p>\n<p style=\"text-align: center;\"><strong>Renforcer le syst\u00e8me immunitaire<\/strong><\/p>\n<p style=\"text-align: center;\"><strong>Anti-inflammatoire<\/strong><\/p>\n<p style=\"text-align: center;\"><strong>Calme la toux et soulage la congestion.<\/strong><\/p>\n<p style=\"text-align: center;\"><strong>Am\u00e9liorer la sant\u00e9 de la peau<\/strong><\/p>","protected":false},"featured_media":16062,"template":"","meta":{"_acf_changed":false,"_joinchat":[]},"product_cat":[255],"product_tag":[],"class_list":{"0":"post-16061","1":"product","2":"type-product","3":"status-publish","4":"has-post-thumbnail","6":"product_cat-miel","8":"first","9":"instock","10":"featured","11":"shipping-taxable","12":"purchasable","13":"product-type-simple"},"acf":[],"_links":{"self":[{"href":"https:\/\/arganir.com\/fr\/wp-json\/wp\/v2\/product\/16061"}],"collection":[{"href":"https:\/\/arganir.com\/fr\/wp-json\/wp\/v2\/product"}],"about":[{"href":"https:\/\/arganir.com\/fr\/wp-json\/wp\/v2\/types\/product"}],"version-history":[{"count":3,"href":"https:\/\/arganir.com\/fr\/wp-json\/wp\/v2\/product\/16061\/revisions"}],"predecessor-version":[{"id":16203,"href":"https:\/\/arganir.com\/fr\/wp-json\/wp\/v2\/product\/16061\/revisions\/16203"}],"wp:featuredmedia":[{"embeddable":true,"href":"https:\/\/arganir.com\/fr\/wp-json\/wp\/v2\/media\/16062"}],"wp:attachment":[{"href":"https:\/\/arganir.com\/fr\/wp-json\/wp\/v2\/media?parent=16061"}],"wp:term":[{"taxonomy":"product_cat","embeddable":true,"href":"https:\/\/arganir.com\/fr\/wp-json\/wp\/v2\/product_cat?post=16061"},{"taxonomy":"product_tag","embeddable":true,"href":"https:\/\/arganir.com\/fr\/wp-json\/wp\/v2\/product_tag?post=16061"}],"curies":[{"name":"wp","href":"https:\/\/api.w.org\/{rel}","templated":true}]}}