{"id":16050,"date":"2024-10-14T02:52:31","date_gmt":"2024-10-14T02:52:31","guid":{"rendered":"https:\/\/arganir.com\/?post_type=product&#038;p=16050"},"modified":"2025-03-04T02:42:33","modified_gmt":"2025-03-04T02:42:33","slug":"%d8%a7%d9%84%d8%ae%d9%84%d9%8a%d8%b9-%d8%a7%d9%84%d9%81%d8%a7%d8%b3%d9%8a","status":"publish","type":"product","link":"https:\/\/arganir.com\/fr\/produit\/%d8%a7%d9%84%d8%ae%d9%84%d9%8a%d8%b9-%d8%a7%d9%84%d9%81%d8%a7%d8%b3%d9%8a\/","title":{"rendered":"Khalie 500g"},"content":{"rendered":"<p style=\"text-align: right;\"><strong>Le Khlii est un plat traditionnel marocain tr\u00e8s populaire, en particulier dans la ville historique de F\u00e8s et ses environs, ainsi qu'\u00e0 Marrakech. Il est pr\u00e9par\u00e9 \u00e0 partir de viande s\u00e9ch\u00e9e et sal\u00e9e, et est g\u00e9n\u00e9ralement servi en plat principal avec des \u0153ufs. Le Khlii est l'un des plats les plus c\u00e9l\u00e8bres de la cuisine marocaine traditionnelle.<\/strong><\/p>","protected":false},"excerpt":{"rendered":"<p style=\"text-align: right;\"><strong>Le Khlii est un plat traditionnel marocain tr\u00e8s populaire, en particulier dans la ville historique de F\u00e8s et ses environs, ainsi qu'\u00e0 Marrakech. Il est pr\u00e9par\u00e9 \u00e0 partir de viande s\u00e9ch\u00e9e et sal\u00e9e, et est g\u00e9n\u00e9ralement servi en plat principal avec des \u0153ufs. Le Khlii est l'un des plats les plus c\u00e9l\u00e8bres de la cuisine marocaine traditionnelle.<\/strong><\/p>","protected":false},"featured_media":15976,"template":"","meta":{"_acf_changed":false,"_joinchat":[]},"product_cat":[258],"product_tag":[],"class_list":{"0":"post-16050","1":"product","2":"type-product","3":"status-publish","4":"has-post-thumbnail","6":"product_cat-khlia","8":"first","9":"outofstock","10":"shipping-taxable","11":"purchasable","12":"product-type-simple"},"acf":[],"_links":{"self":[{"href":"https:\/\/arganir.com\/fr\/wp-json\/wp\/v2\/product\/16050"}],"collection":[{"href":"https:\/\/arganir.com\/fr\/wp-json\/wp\/v2\/product"}],"about":[{"href":"https:\/\/arganir.com\/fr\/wp-json\/wp\/v2\/types\/product"}],"version-history":[{"count":2,"href":"https:\/\/arganir.com\/fr\/wp-json\/wp\/v2\/product\/16050\/revisions"}],"predecessor-version":[{"id":16228,"href":"https:\/\/arganir.com\/fr\/wp-json\/wp\/v2\/product\/16050\/revisions\/16228"}],"wp:featuredmedia":[{"embeddable":true,"href":"https:\/\/arganir.com\/fr\/wp-json\/wp\/v2\/media\/15976"}],"wp:attachment":[{"href":"https:\/\/arganir.com\/fr\/wp-json\/wp\/v2\/media?parent=16050"}],"wp:term":[{"taxonomy":"product_cat","embeddable":true,"href":"https:\/\/arganir.com\/fr\/wp-json\/wp\/v2\/product_cat?post=16050"},{"taxonomy":"product_tag","embeddable":true,"href":"https:\/\/arganir.com\/fr\/wp-json\/wp\/v2\/product_tag?post=16050"}],"curies":[{"name":"wp","href":"https:\/\/api.w.org\/{rel}","templated":true}]}}