{"id":16036,"date":"2024-10-14T02:15:53","date_gmt":"2024-10-14T02:15:53","guid":{"rendered":"https:\/\/arganir.com\/?post_type=product&#038;p=16036"},"modified":"2024-10-23T17:08:24","modified_gmt":"2024-10-23T17:08:24","slug":"%d8%b9%d8%b3%d9%84-%d8%a7%d9%84%d8%b3%d8%af%d8%b1-500-%d8%ac%d8%b1%d8%a7%d9%85","status":"publish","type":"product","link":"https:\/\/arganir.com\/fr\/produit\/%d8%b9%d8%b3%d9%84-%d8%a7%d9%84%d8%b3%d8%af%d8%b1-500-%d8%ac%d8%b1%d8%a7%d9%85\/","title":{"rendered":"Miel de Jujubier 500g"},"content":{"rendered":"<p style=\"text-align: center;\"><strong><u>Il provient de la r\u00e9gion de Nador.<\/u><\/strong><\/p>\n<p style=\"text-align: center;\"><strong>Ses propri\u00e9t\u00e9s th\u00e9rapeutiques sont nombreuses.<\/strong><\/p>\n<p style=\"text-align: center;\"><strong>En effet, il renforce le syst\u00e8me immunitaire, am\u00e9liore la fertilit\u00e9, soulage les troubles respiratoires et digestifs. De plus, il est un excellent stimulant et poss\u00e8de une puissante action antibact\u00e9rienne.<\/strong><\/p>","protected":false},"excerpt":{"rendered":"<p style=\"text-align: center;\"><strong><u>Il provient de la r\u00e9gion de Nador.<\/u><\/strong><\/p>\n<p style=\"text-align: center;\"><strong>Ses propri\u00e9t\u00e9s th\u00e9rapeutiques sont nombreuses.<\/strong><\/p>\n<p style=\"text-align: center;\"><strong>En effet, il renforce le syst\u00e8me immunitaire, am\u00e9liore la fertilit\u00e9, soulage les troubles respiratoires et digestifs. De plus, il est un excellent stimulant et poss\u00e8de une puissante action antibact\u00e9rienne.<\/strong><\/p>","protected":false},"featured_media":15996,"template":"","meta":{"_acf_changed":false,"_joinchat":[]},"product_cat":[255],"product_tag":[],"class_list":{"0":"post-16036","1":"product","2":"type-product","3":"status-publish","4":"has-post-thumbnail","6":"product_cat-miel","8":"first","9":"instock","10":"shipping-taxable","11":"purchasable","12":"product-type-simple"},"acf":[],"_links":{"self":[{"href":"https:\/\/arganir.com\/fr\/wp-json\/wp\/v2\/product\/16036"}],"collection":[{"href":"https:\/\/arganir.com\/fr\/wp-json\/wp\/v2\/product"}],"about":[{"href":"https:\/\/arganir.com\/fr\/wp-json\/wp\/v2\/types\/product"}],"version-history":[{"count":2,"href":"https:\/\/arganir.com\/fr\/wp-json\/wp\/v2\/product\/16036\/revisions"}],"predecessor-version":[{"id":16194,"href":"https:\/\/arganir.com\/fr\/wp-json\/wp\/v2\/product\/16036\/revisions\/16194"}],"wp:featuredmedia":[{"embeddable":true,"href":"https:\/\/arganir.com\/fr\/wp-json\/wp\/v2\/media\/15996"}],"wp:attachment":[{"href":"https:\/\/arganir.com\/fr\/wp-json\/wp\/v2\/media?parent=16036"}],"wp:term":[{"taxonomy":"product_cat","embeddable":true,"href":"https:\/\/arganir.com\/fr\/wp-json\/wp\/v2\/product_cat?post=16036"},{"taxonomy":"product_tag","embeddable":true,"href":"https:\/\/arganir.com\/fr\/wp-json\/wp\/v2\/product_tag?post=16036"}],"curies":[{"name":"wp","href":"https:\/\/api.w.org\/{rel}","templated":true}]}}