{"id":16028,"date":"2024-10-14T02:11:48","date_gmt":"2024-10-14T02:11:48","guid":{"rendered":"https:\/\/arganir.com\/?post_type=product&#038;p=16028"},"modified":"2024-11-15T18:02:34","modified_gmt":"2024-11-15T18:02:34","slug":"miel-orange-500-g","status":"publish","type":"product","link":"https:\/\/arganir.com\/fr\/produit\/miel-orange-500-g\/","title":{"rendered":"Miel D'oranger 500g"},"content":{"rendered":"<p style=\"text-align: center;\"><strong>Notre miel d\u2019oranger provient de la r\u00e9gion de Taroudant, dans le sud-ouest du Maroc.<\/strong><\/p>\n<p style=\"text-align: center;\"><strong>Am\u00e9liore le syst\u00e8me digestif :<\/strong><strong>&#8211;<\/strong><strong>Purifie la bouche des bact\u00e9ries et traite les inflammations des gencives, de la gorge et des amygdales.<\/strong> <strong>Favorise un sommeil r\u00e9parateur : Aide \u00e0 lutter contre l\u2019insomnie et favorise un sommeil profond et ininterrompu.<\/strong><strong>.<\/strong><\/p>\n<p style=\"text-align: center;\"><strong>Renforce les os :Stimule la croissance osseuse et pr\u00e9vient l\u2019ost\u00e9oporose.<\/strong><strong>\u00a0<\/strong><strong>Renforce les os : Stimule la croissance osseuse et pr\u00e9vient l\u2019ost\u00e9oporose.\nBooste le syst\u00e8me immunitaire : Augmente la r\u00e9sistance aux maladies, notamment aux rhumes et \u00e0 la grippe.\nSoutient le bon fonctionnement des reins et de la vessie : Traite les inflammations et stimule leur activit\u00e9.\nApporte \u00e9nergie et vitalit\u00e9 : Combat la fatigue, l\u2019\u00e9puisement chronique et purifie le sang des toxines.<\/strong><\/p>","protected":false},"excerpt":{"rendered":"<p style=\"text-align: center;\"><strong>Notre miel d\u2019oranger provient de la r\u00e9gion de Taroudant, dans le sud-ouest du Maroc.<\/strong><\/p>\n<p style=\"text-align: center;\"><strong>Am\u00e9liore le syst\u00e8me digestif : Purifie la bouche des bact\u00e9ries et traite les inflammations des gencives, de la gorge et des amygdales.\nFavorise un sommeil r\u00e9parateur : Aide \u00e0 lutter contre l\u2019insomnie et favorise un sommeil profond et ininterrompu.<\/strong><\/p>\n<p style=\"text-align: center;\"><strong>Renforce les os : Stimule la croissance osseuse et pr\u00e9vient l\u2019ost\u00e9oporose.\nBooste le syst\u00e8me immunitaire : Augmente la r\u00e9sistance aux maladies, notamment aux rhumes et \u00e0 la grippe.\nSoutient le bon fonctionnement des reins et de la vessie : Traite les inflammations et stimule leur activit\u00e9.\nApporte \u00e9nergie et vitalit\u00e9 : Combat la fatigue, l\u2019\u00e9puisement chronique et purifie le sang des toxines.<\/strong><\/p>","protected":false},"featured_media":15994,"template":"","meta":{"_acf_changed":false,"_joinchat":[]},"product_cat":[255],"product_tag":[],"class_list":{"0":"post-16028","1":"product","2":"type-product","3":"status-publish","4":"has-post-thumbnail","6":"product_cat-miel","8":"first","9":"instock","10":"shipping-taxable","11":"purchasable","12":"product-type-simple"},"acf":[],"_links":{"self":[{"href":"https:\/\/arganir.com\/fr\/wp-json\/wp\/v2\/product\/16028"}],"collection":[{"href":"https:\/\/arganir.com\/fr\/wp-json\/wp\/v2\/product"}],"about":[{"href":"https:\/\/arganir.com\/fr\/wp-json\/wp\/v2\/types\/product"}],"version-history":[{"count":3,"href":"https:\/\/arganir.com\/fr\/wp-json\/wp\/v2\/product\/16028\/revisions"}],"predecessor-version":[{"id":16204,"href":"https:\/\/arganir.com\/fr\/wp-json\/wp\/v2\/product\/16028\/revisions\/16204"}],"wp:featuredmedia":[{"embeddable":true,"href":"https:\/\/arganir.com\/fr\/wp-json\/wp\/v2\/media\/15994"}],"wp:attachment":[{"href":"https:\/\/arganir.com\/fr\/wp-json\/wp\/v2\/media?parent=16028"}],"wp:term":[{"taxonomy":"product_cat","embeddable":true,"href":"https:\/\/arganir.com\/fr\/wp-json\/wp\/v2\/product_cat?post=16028"},{"taxonomy":"product_tag","embeddable":true,"href":"https:\/\/arganir.com\/fr\/wp-json\/wp\/v2\/product_tag?post=16028"}],"curies":[{"name":"wp","href":"https:\/\/api.w.org\/{rel}","templated":true}]}}