{"id":15680,"date":"2024-09-29T23:08:05","date_gmt":"2024-09-29T23:08:05","guid":{"rendered":"https:\/\/arganir.com\/?post_type=product&#038;p=15680"},"modified":"2024-11-15T18:04:02","modified_gmt":"2024-11-15T18:04:02","slug":"%d8%b9%d8%b3%d9%84-%d8%a7%d9%84%d8%b1%d8%a8%d9%8a%d8%b9","status":"publish","type":"product","link":"https:\/\/arganir.com\/fr\/produit\/%d8%b9%d8%b3%d9%84-%d8%a7%d9%84%d8%b1%d8%a8%d9%8a%d8%b9\/","title":{"rendered":"Miel de multifleurs 1 Kg"},"content":{"rendered":"<p style=\"text-align: center;\"><strong>Le miel multifloral, \u00e9galement appel\u00e9 en arabe \"al-Zuhur\", provient de la r\u00e9gion de Doukkala \u00e0 Sidi Bennour.<\/strong><\/p>\n<p style=\"text-align: center;\"><strong>Augmentation de l'\u00e9nergie car il s'agit d'une source concentr\u00e9e d'hydrates de carbone, de sucres et de min\u00e9raux qui stimulent le m\u00e9tabolisme et fournissent \u00e0 l'organisme l'\u00e9nergie n\u00e9cessaire.<\/strong><\/p>\n<p style=\"text-align: center;\"><strong>- Il poss\u00e8de des propri\u00e9t\u00e9s anti-inflammatoires et antihistaminiques.<\/strong><\/p>\n<p style=\"text-align: center;\"><strong>Il stimule le syst\u00e8me immunitaire humain \u00e0 produire des anticorps \u00e9quivalents \u00e0 la r\u00e9action allergique provoqu\u00e9e par l'inhalation de pollen en saison, mais progressivement jusqu'\u00e0 ce que l'organisme s'y habitue.<\/strong><\/p>\n<p style=\"text-align: center;\"><strong>Il facilite la digestion, soulage les inflammations gastro-intestinales, pr\u00e9vient la constipation et soulage les contractions ut\u00e9rines.<\/strong><\/p>\n<p style=\"text-align: center;\"><strong>Riche en antioxydants qui prot\u00e8gent contre les radicaux libres \u00e0 l'origine des maladies d\u00e9g\u00e9n\u00e9ratives.<\/strong><\/p>","protected":false},"excerpt":{"rendered":"<p style=\"text-align: center;\"><strong>Le miel multifloral, \u00e9galement appel\u00e9 en arabe \"al-Zuhur\", provient de la r\u00e9gion de Doukkala \u00e0 Sidi Bennour.<\/strong><\/p>\n<p style=\"text-align: center;\"><strong>Augmentation de l'\u00e9nergie car il s'agit d'une source concentr\u00e9e d'hydrates de carbone, de sucres et de min\u00e9raux qui stimulent le m\u00e9tabolisme et fournissent \u00e0 l'organisme l'\u00e9nergie n\u00e9cessaire.<\/strong><\/p>\n<p style=\"text-align: center;\"><strong>- Il poss\u00e8de des propri\u00e9t\u00e9s anti-inflammatoires et antihistaminiques.<\/strong><\/p>\n<p style=\"text-align: center;\"><strong>Il stimule le syst\u00e8me immunitaire humain \u00e0 produire des anticorps \u00e9quivalents \u00e0 la r\u00e9action allergique provoqu\u00e9e par l'inhalation de pollen en saison, mais progressivement jusqu'\u00e0 ce que l'organisme s'y habitue.<\/strong><\/p>\n<p style=\"text-align: center;\"><strong>Il facilite la digestion, soulage les inflammations gastro-intestinales, pr\u00e9vient la constipation et soulage les contractions ut\u00e9rines.<\/strong><\/p>\n<p style=\"text-align: center;\"><strong>Riche en antioxydants qui prot\u00e8gent contre les radicaux libres \u00e0 l'origine des maladies d\u00e9g\u00e9n\u00e9ratives.<\/strong><\/p>","protected":false},"featured_media":15991,"template":"","meta":{"_acf_changed":false,"_joinchat":[]},"product_cat":[255],"product_tag":[],"class_list":{"0":"post-15680","1":"product","2":"type-product","3":"status-publish","4":"has-post-thumbnail","6":"product_cat-miel","8":"first","9":"instock","10":"shipping-taxable","11":"purchasable","12":"product-type-simple"},"acf":[],"_links":{"self":[{"href":"https:\/\/arganir.com\/fr\/wp-json\/wp\/v2\/product\/15680"}],"collection":[{"href":"https:\/\/arganir.com\/fr\/wp-json\/wp\/v2\/product"}],"about":[{"href":"https:\/\/arganir.com\/fr\/wp-json\/wp\/v2\/types\/product"}],"version-history":[{"count":6,"href":"https:\/\/arganir.com\/fr\/wp-json\/wp\/v2\/product\/15680\/revisions"}],"predecessor-version":[{"id":16206,"href":"https:\/\/arganir.com\/fr\/wp-json\/wp\/v2\/product\/15680\/revisions\/16206"}],"wp:featuredmedia":[{"embeddable":true,"href":"https:\/\/arganir.com\/fr\/wp-json\/wp\/v2\/media\/15991"}],"wp:attachment":[{"href":"https:\/\/arganir.com\/fr\/wp-json\/wp\/v2\/media?parent=15680"}],"wp:term":[{"taxonomy":"product_cat","embeddable":true,"href":"https:\/\/arganir.com\/fr\/wp-json\/wp\/v2\/product_cat?post=15680"},{"taxonomy":"product_tag","embeddable":true,"href":"https:\/\/arganir.com\/fr\/wp-json\/wp\/v2\/product_tag?post=15680"}],"curies":[{"name":"wp","href":"https:\/\/api.w.org\/{rel}","templated":true}]}}