{"id":15677,"date":"2024-09-29T23:06:41","date_gmt":"2024-09-29T23:06:41","guid":{"rendered":"https:\/\/arganir.com\/?post_type=product&#038;p=15677"},"modified":"2024-11-15T18:04:22","modified_gmt":"2024-11-15T18:04:22","slug":"%d8%b9%d8%b3%d9%84-%d8%a7%d9%84%d8%b4%d9%88%d9%83","status":"publish","type":"product","link":"https:\/\/arganir.com\/fr\/produit\/%d8%b9%d8%b3%d9%84-%d8%a7%d9%84%d8%b4%d9%88%d9%83\/","title":{"rendered":"Miel de chardon 1kg"},"content":{"rendered":"<p style=\"text-align: center;\"><strong>Le miel de chardon provient de la r\u00e9gion d\u2019Ahahan A\u00eft Daoud.<\/strong><\/p>\n<p style=\"text-align: center;\"><strong>Il est r\u00e9put\u00e9 pour ses nombreuses propri\u00e9t\u00e9s th\u00e9rapeutiques et m\u00e9dicinales.<\/strong><\/p>\n<p style=\"text-align: center;\"><strong>Propri\u00e9t\u00e9s m\u00e9dicinales : Prot\u00e8ge le foie et aide \u00e0 pr\u00e9venir la prolif\u00e9ration des bact\u00e9ries.<\/strong><\/p>\n<p style=\"text-align: center;\"><strong>An\u00e9mie : Augmente le taux d\u2019h\u00e9moglobine dans le sang.<\/strong><\/p>\n<p style=\"text-align: center;\"><strong>Allaitement : Favorise la production de lait maternel.<\/strong><\/p>","protected":false},"excerpt":{"rendered":"<p style=\"text-align: center;\"><strong>Le miel de chardon provient de la r\u00e9gion d\u2019Ahahan A\u00eft Daoud.<\/strong><\/p>\n<p style=\"text-align: center;\"><strong>Il est r\u00e9put\u00e9 pour ses nombreuses propri\u00e9t\u00e9s th\u00e9rapeutiques et m\u00e9dicinales.<\/strong><\/p>\n<p style=\"text-align: center;\"><strong>Propri\u00e9t\u00e9s m\u00e9dicinales : Prot\u00e8ge le foie et aide \u00e0 pr\u00e9venir la prolif\u00e9ration des bact\u00e9ries.<\/strong><\/p>\n<p style=\"text-align: center;\"><strong>An\u00e9mie : Augmente le taux d\u2019h\u00e9moglobine dans le sang.<\/strong><\/p>\n<p style=\"text-align: center;\"><strong>Allaitement : Favorise la production de lait maternel.<\/strong><\/p>","protected":false},"featured_media":15986,"template":"","meta":{"_acf_changed":false,"_joinchat":[]},"product_cat":[255],"product_tag":[],"class_list":{"0":"post-15677","1":"product","2":"type-product","3":"status-publish","4":"has-post-thumbnail","6":"product_cat-miel","8":"first","9":"instock","10":"shipping-taxable","11":"purchasable","12":"product-type-simple"},"acf":[],"_links":{"self":[{"href":"https:\/\/arganir.com\/fr\/wp-json\/wp\/v2\/product\/15677"}],"collection":[{"href":"https:\/\/arganir.com\/fr\/wp-json\/wp\/v2\/product"}],"about":[{"href":"https:\/\/arganir.com\/fr\/wp-json\/wp\/v2\/types\/product"}],"version-history":[{"count":4,"href":"https:\/\/arganir.com\/fr\/wp-json\/wp\/v2\/product\/15677\/revisions"}],"predecessor-version":[{"id":16207,"href":"https:\/\/arganir.com\/fr\/wp-json\/wp\/v2\/product\/15677\/revisions\/16207"}],"wp:featuredmedia":[{"embeddable":true,"href":"https:\/\/arganir.com\/fr\/wp-json\/wp\/v2\/media\/15986"}],"wp:attachment":[{"href":"https:\/\/arganir.com\/fr\/wp-json\/wp\/v2\/media?parent=15677"}],"wp:term":[{"taxonomy":"product_cat","embeddable":true,"href":"https:\/\/arganir.com\/fr\/wp-json\/wp\/v2\/product_cat?post=15677"},{"taxonomy":"product_tag","embeddable":true,"href":"https:\/\/arganir.com\/fr\/wp-json\/wp\/v2\/product_tag?post=15677"}],"curies":[{"name":"wp","href":"https:\/\/api.w.org\/{rel}","templated":true}]}}