{"id":15674,"date":"2024-09-29T23:05:52","date_gmt":"2024-09-29T23:05:52","guid":{"rendered":"https:\/\/arganir.com\/?post_type=product&#038;p=15674"},"modified":"2024-10-23T17:09:09","modified_gmt":"2024-10-23T17:09:09","slug":"%d8%b9%d8%b3%d9%84-%d8%a7%d9%84%d8%b3%d8%af%d8%b1","status":"publish","type":"product","link":"https:\/\/arganir.com\/fr\/produit\/%d8%b9%d8%b3%d9%84-%d8%a7%d9%84%d8%b3%d8%af%d8%b1\/","title":{"rendered":"Miel de Jujubier 1kg"},"content":{"rendered":"<p style=\"text-align: center;\"><strong><u>Il provient de la r\u00e9gion de Nador.<\/u><\/strong><\/p>\n<p style=\"text-align: center;\"><strong>Ses propri\u00e9t\u00e9s th\u00e9rapeutiques sont nombreuses.<\/strong><\/p>\n<p style=\"text-align: center;\"><strong>En effet, il renforce le syst\u00e8me immunitaire, am\u00e9liore la fertilit\u00e9, soulage les troubles respiratoires et digestifs. De plus, il est un excellent stimulant et poss\u00e8de une puissante action antibact\u00e9rienne.<\/strong><\/p>","protected":false},"excerpt":{"rendered":"<p style=\"text-align: center;\"><strong><u>Il provient de la r\u00e9gion de Nador.<\/u><\/strong><\/p>\n<p style=\"text-align: center;\"><strong>Ses propri\u00e9t\u00e9s th\u00e9rapeutiques sont nombreuses.<\/strong><\/p>\n<p style=\"text-align: center;\"><strong>En effet, il renforce le syst\u00e8me immunitaire, am\u00e9liore la fertilit\u00e9, soulage les troubles respiratoires et digestifs. De plus, il est un excellent stimulant et poss\u00e8de une puissante action antibact\u00e9rienne.<\/strong><\/p>","protected":false},"featured_media":15995,"template":"","meta":{"_acf_changed":false,"_joinchat":[]},"product_cat":[255],"product_tag":[],"class_list":{"0":"post-15674","1":"product","2":"type-product","3":"status-publish","4":"has-post-thumbnail","6":"product_cat-miel","8":"first","9":"instock","10":"shipping-taxable","11":"purchasable","12":"product-type-simple"},"acf":[],"_links":{"self":[{"href":"https:\/\/arganir.com\/fr\/wp-json\/wp\/v2\/product\/15674"}],"collection":[{"href":"https:\/\/arganir.com\/fr\/wp-json\/wp\/v2\/product"}],"about":[{"href":"https:\/\/arganir.com\/fr\/wp-json\/wp\/v2\/types\/product"}],"version-history":[{"count":7,"href":"https:\/\/arganir.com\/fr\/wp-json\/wp\/v2\/product\/15674\/revisions"}],"predecessor-version":[{"id":16196,"href":"https:\/\/arganir.com\/fr\/wp-json\/wp\/v2\/product\/15674\/revisions\/16196"}],"wp:featuredmedia":[{"embeddable":true,"href":"https:\/\/arganir.com\/fr\/wp-json\/wp\/v2\/media\/15995"}],"wp:attachment":[{"href":"https:\/\/arganir.com\/fr\/wp-json\/wp\/v2\/media?parent=15674"}],"wp:term":[{"taxonomy":"product_cat","embeddable":true,"href":"https:\/\/arganir.com\/fr\/wp-json\/wp\/v2\/product_cat?post=15674"},{"taxonomy":"product_tag","embeddable":true,"href":"https:\/\/arganir.com\/fr\/wp-json\/wp\/v2\/product_tag?post=15674"}],"curies":[{"name":"wp","href":"https:\/\/api.w.org\/{rel}","templated":true}]}}