{"id":15668,"date":"2024-08-29T23:02:58","date_gmt":"2024-08-29T23:02:58","guid":{"rendered":"https:\/\/arganir.com\/?post_type=product&#038;p=15668"},"modified":"2024-11-17T17:25:28","modified_gmt":"2024-11-17T17:25:28","slug":"%d8%ad%d8%a8%d9%88%d8%a8-%d8%a7%d9%84%d9%84%d9%82%d8%a7%d8%ad","status":"publish","type":"product","link":"https:\/\/arganir.com\/fr\/produit\/%d8%ad%d8%a8%d9%88%d8%a8-%d8%a7%d9%84%d9%84%d9%82%d8%a7%d8%ad\/","title":{"rendered":"Pollen"},"content":{"rendered":"<p style=\"text-align: center;\"><strong><u>Pollen<\/u><\/strong><\/p>\n<p style=\"text-align: center;\"><strong>La gel\u00e9e royale est extr\u00eamement riche en prot\u00e9ines (40%) et contient \u00e9galement des vitamines B, des acides amin\u00e9s, des micronutriments et des min\u00e9raux. Elle poss\u00e8de des propri\u00e9t\u00e9s stimulantes et fortifiantes pour notre corps. Elle aide \u00e0 renforcer le syst\u00e8me immunitaire et \u00e0 favoriser la r\u00e9g\u00e9n\u00e9ration.\nLa gel\u00e9e royale favorise la jeunesse du corps, r\u00e9tablit son \u00e9quilibre, prot\u00e8ge contre les inflammations, am\u00e9liore la fertilit\u00e9 et lutte contre l'anxi\u00e9t\u00e9. C'est un aliment vital dont les propri\u00e9t\u00e9s tonifiantes contribuent \u00e0 am\u00e9liorer l'\u00e9tat physique. Son effet stimulant am\u00e9liore les capacit\u00e9s intellectuelles et la m\u00e9moire. Elle aide \u00e9galement \u00e0 r\u00e9duire les probl\u00e8mes intestinaux et soulage la constipation. De plus, elle aide \u00e0 combattre les bouff\u00e9es de chaleur li\u00e9es \u00e0 la m\u00e9nopause.<\/strong><\/p>","protected":false},"excerpt":{"rendered":"<p style=\"text-align: center;\"><strong><u>Pollen<\/u><\/strong><\/p>\n<p style=\"text-align: center;\"><strong>La gel\u00e9e royale est extr\u00eamement riche en prot\u00e9ines (40%) et contient \u00e9galement des vitamines B, des acides amin\u00e9s, des micronutriments et des min\u00e9raux. Elle poss\u00e8de des propri\u00e9t\u00e9s stimulantes et fortifiantes pour notre corps. Elle aide \u00e0 renforcer le syst\u00e8me immunitaire et \u00e0 favoriser la r\u00e9g\u00e9n\u00e9ration.<\/strong> <strong>La gel\u00e9e royale favorise la jeunesse du corps, r\u00e9tablit son \u00e9quilibre, prot\u00e8ge contre les inflammations, am\u00e9liore la fertilit\u00e9 et lutte contre l'anxi\u00e9t\u00e9. C'est un aliment vital dont les propri\u00e9t\u00e9s tonifiantes contribuent \u00e0 am\u00e9liorer l'\u00e9tat physique. Son effet stimulant am\u00e9liore les capacit\u00e9s intellectuelles et la m\u00e9moire. Elle aide \u00e9galement \u00e0 r\u00e9duire les probl\u00e8mes intestinaux et soulage la constipation. De plus, elle aide \u00e0 combattre les bouff\u00e9es de chaleur li\u00e9es \u00e0 la m\u00e9nopause.<\/strong><\/p>","protected":false},"featured_media":15984,"template":"","meta":{"_acf_changed":false,"_joinchat":[]},"product_cat":[15],"product_tag":[],"class_list":{"0":"post-15668","1":"product","2":"type-product","3":"status-publish","4":"has-post-thumbnail","6":"product_cat-other-products","8":"first","9":"instock","10":"shipping-taxable","11":"purchasable","12":"product-type-simple"},"acf":[],"_links":{"self":[{"href":"https:\/\/arganir.com\/fr\/wp-json\/wp\/v2\/product\/15668"}],"collection":[{"href":"https:\/\/arganir.com\/fr\/wp-json\/wp\/v2\/product"}],"about":[{"href":"https:\/\/arganir.com\/fr\/wp-json\/wp\/v2\/types\/product"}],"version-history":[{"count":6,"href":"https:\/\/arganir.com\/fr\/wp-json\/wp\/v2\/product\/15668\/revisions"}],"predecessor-version":[{"id":16213,"href":"https:\/\/arganir.com\/fr\/wp-json\/wp\/v2\/product\/15668\/revisions\/16213"}],"wp:featuredmedia":[{"embeddable":true,"href":"https:\/\/arganir.com\/fr\/wp-json\/wp\/v2\/media\/15984"}],"wp:attachment":[{"href":"https:\/\/arganir.com\/fr\/wp-json\/wp\/v2\/media?parent=15668"}],"wp:term":[{"taxonomy":"product_cat","embeddable":true,"href":"https:\/\/arganir.com\/fr\/wp-json\/wp\/v2\/product_cat?post=15668"},{"taxonomy":"product_tag","embeddable":true,"href":"https:\/\/arganir.com\/fr\/wp-json\/wp\/v2\/product_tag?post=15668"}],"curies":[{"name":"wp","href":"https:\/\/api.w.org\/{rel}","templated":true}]}}