{"id":15665,"date":"2024-08-29T22:49:10","date_gmt":"2024-08-29T22:49:10","guid":{"rendered":"https:\/\/arganir.com\/?post_type=product&#038;p=15665"},"modified":"2024-11-17T17:33:31","modified_gmt":"2024-11-17T17:33:31","slug":"%d8%a7%d9%84%d8%ba%d8%b0%d8%a7%d8%a1-%d8%a7%d9%84%d9%85%d9%84%d9%83%d9%8a","status":"publish","type":"product","link":"https:\/\/arganir.com\/fr\/produit\/%d8%a7%d9%84%d8%ba%d8%b0%d8%a7%d8%a1-%d8%a7%d9%84%d9%85%d9%84%d9%83%d9%8a\/","title":{"rendered":"Gel\u00e9e royale 10g"},"content":{"rendered":"<p style=\"text-align: center;\"><strong><u>Gel\u00e9e Royale<\/u><\/strong><\/p>\n<p style=\"text-align: center;\"><strong>La gel\u00e9e royale est une s\u00e9cr\u00e9tion laiti\u00e8re produite par les abeilles ouvri\u00e8res dans la ruche. Elle est exclusivement destin\u00e9e \u00e0 nourrir la larve choisie pour devenir la future reine de la ruche, afin de favoriser son d\u00e9veloppement et sa croissance.<\/strong><\/p>\n<p style=\"text-align: center;\"><strong>Bienfaits :<\/strong><\/p>\n<p style=\"text-align: center;\"><strong>La gel\u00e9e royale,\u00a0<a href=\"https:\/\/ortan-nature.com\/ar\/boutique\/%d8%aa%d8%b1%d9%83%d9%8a%d8%a8%d8%a9-%d8%a7%d9%84%d8%a8%d8%b1%d9%88%d8%a8%d9%88%d9%84%d9%8a%d8%b3-%d9%88-%d8%a7%d9%84%d8%ba%d8%b0%d8%a7%d8%a1-%d8%a7%d9%84%d9%85%d9%84%d9%83%d9%8a-%d9%88-%d8%a7%d9%84\/\">ou \"nourriture royale\",<\/a>\u00a0se distingue par ses nombreux bienfaits :<\/strong><\/p>\n<p style=\"text-align: center;\"><strong>Renforce le syst\u00e8me immunitaire et prot\u00e8ge le corps.<\/strong><\/p>\n<p style=\"text-align: center;\"><strong>Am\u00e9liore l\u2019humeur, augmente l\u2019\u00e9nergie et la vitalit\u00e9.<\/strong><\/p>\n<p style=\"text-align: center;\"><strong>Favorise la croissance des cheveux et des ongles, et r\u00e9g\u00e9n\u00e8re les cellules de la peau.<\/strong><\/p>\n<p style=\"text-align: center;\"><strong>Am\u00e9liore le fonctionnement du syst\u00e8me digestif<\/strong><\/p>","protected":false},"excerpt":{"rendered":"<p style=\"text-align: center;\"><strong><u>Gel\u00e9e Royale<\/u><\/strong><\/p>\n<p style=\"text-align: center;\"><strong>La gel\u00e9e royale est une s\u00e9cr\u00e9tion laiti\u00e8re produite par les abeilles ouvri\u00e8res dans la ruche. Elle est exclusivement destin\u00e9e \u00e0 nourrir la larve choisie pour devenir la future reine de la ruche, afin de favoriser son d\u00e9veloppement et sa croissance.<\/strong><\/p>\n<p style=\"text-align: center;\"><strong>Bienfaits :<\/strong><\/p>\n<p style=\"text-align: center;\"><strong>La gel\u00e9e royale,\u00a0<a href=\"https:\/\/ortan-nature.com\/ar\/boutique\/%d8%aa%d8%b1%d9%83%d9%8a%d8%a8%d8%a9-%d8%a7%d9%84%d8%a8%d8%b1%d9%88%d8%a8%d9%88%d9%84%d9%8a%d8%b3-%d9%88-%d8%a7%d9%84%d8%ba%d8%b0%d8%a7%d8%a1-%d8%a7%d9%84%d9%85%d9%84%d9%83%d9%8a-%d9%88-%d8%a7%d9%84\/\">ou \"nourriture royale\",<\/a>\u00a0se distingue par ses nombreux bienfaits :<\/strong><\/p>\n<p style=\"text-align: center;\"><strong>Renforce le syst\u00e8me immunitaire et prot\u00e8ge le corps.<\/strong><\/p>\n<p style=\"text-align: center;\"><strong>Am\u00e9liore l\u2019humeur, augmente l\u2019\u00e9nergie et la vitalit\u00e9.<\/strong><\/p>\n<p style=\"text-align: center;\"><strong>Favorise la croissance des cheveux et des ongles, et r\u00e9g\u00e9n\u00e8re les cellules de la peau.<\/strong><\/p>\n<p style=\"text-align: center;\"><strong>Am\u00e9liore le fonctionnement du syst\u00e8me digestif<\/strong><\/p>","protected":false},"featured_media":15983,"template":"","meta":{"_acf_changed":false,"_joinchat":[]},"product_cat":[15],"product_tag":[],"class_list":{"0":"post-15665","1":"product","2":"type-product","3":"status-publish","4":"has-post-thumbnail","6":"product_cat-other-products","8":"first","9":"instock","10":"shipping-taxable","11":"purchasable","12":"product-type-simple"},"acf":[],"_links":{"self":[{"href":"https:\/\/arganir.com\/fr\/wp-json\/wp\/v2\/product\/15665"}],"collection":[{"href":"https:\/\/arganir.com\/fr\/wp-json\/wp\/v2\/product"}],"about":[{"href":"https:\/\/arganir.com\/fr\/wp-json\/wp\/v2\/types\/product"}],"version-history":[{"count":4,"href":"https:\/\/arganir.com\/fr\/wp-json\/wp\/v2\/product\/15665\/revisions"}],"predecessor-version":[{"id":16217,"href":"https:\/\/arganir.com\/fr\/wp-json\/wp\/v2\/product\/15665\/revisions\/16217"}],"wp:featuredmedia":[{"embeddable":true,"href":"https:\/\/arganir.com\/fr\/wp-json\/wp\/v2\/media\/15983"}],"wp:attachment":[{"href":"https:\/\/arganir.com\/fr\/wp-json\/wp\/v2\/media?parent=15665"}],"wp:term":[{"taxonomy":"product_cat","embeddable":true,"href":"https:\/\/arganir.com\/fr\/wp-json\/wp\/v2\/product_cat?post=15665"},{"taxonomy":"product_tag","embeddable":true,"href":"https:\/\/arganir.com\/fr\/wp-json\/wp\/v2\/product_tag?post=15665"}],"curies":[{"name":"wp","href":"https:\/\/api.w.org\/{rel}","templated":true}]}}