{"id":15660,"date":"2024-08-29T22:45:04","date_gmt":"2024-08-29T22:45:04","guid":{"rendered":"https:\/\/arganir.com\/?post_type=product&#038;p=15660"},"modified":"2024-11-17T17:34:23","modified_gmt":"2024-11-17T17:34:23","slug":"%d8%a7%d9%84%d8%b9%d9%83%d8%a8%d8%b1","status":"publish","type":"product","link":"https:\/\/arganir.com\/fr\/produit\/%d8%a7%d9%84%d8%b9%d9%83%d8%a8%d8%b1\/","title":{"rendered":"Propolis 10g"},"content":{"rendered":"<p style=\"text-align: center;\"><strong>C'est un antibiotique naturel et un antiviral cellulaire.<\/strong><\/p>\n<p style=\"text-align: center;\"><strong>Il sert de pr\u00e9vention et offre de nombreux bienfaits. C'est un agent anti-infectieux par excellence, qui aide \u00e0 renforcer nos d\u00e9fenses immunitaires. Riche en acides amin\u00e9s, flavono\u00efdes et oligo-\u00e9l\u00e9ments, il poss\u00e8de une v\u00e9ritable puissance antibact\u00e9rienne.<\/strong><\/p>\n<p style=\"text-align: center;\"><strong>Ses vertus sont antivirales, antibact\u00e9riennes, analg\u00e9siques, anti-inflammatoires, cicatrisantes et stimulantes. Il est particuli\u00e8rement efficace en cas de grippe et d'inflammation de la vessie. C'est un v\u00e9ritable tr\u00e9sor pour notre sant\u00e9.<\/strong><\/p>","protected":false},"excerpt":{"rendered":"<p style=\"text-align: center;\"><strong>C'est un antibiotique naturel et un antiviral cellulaire.<\/strong><\/p>\n<p style=\"text-align: center;\"><strong>Il sert de pr\u00e9vention et offre de nombreux bienfaits. C'est un agent anti-infectieux par excellence, qui aide \u00e0 renforcer nos d\u00e9fenses immunitaires. Riche en acides amin\u00e9s, flavono\u00efdes et oligo-\u00e9l\u00e9ments, il poss\u00e8de une v\u00e9ritable puissance antibact\u00e9rienne.<\/strong><\/p>\n<p style=\"text-align: center;\"><strong>Ses vertus sont antivirales, antibact\u00e9riennes, analg\u00e9siques, anti-inflammatoires, cicatrisantes et stimulantes. Il est particuli\u00e8rement efficace en cas de grippe et d'inflammation de la vessie. C'est un v\u00e9ritable tr\u00e9sor pour notre sant\u00e9.<\/strong><\/p>","protected":false},"featured_media":15982,"template":"","meta":{"_acf_changed":false,"_joinchat":[]},"product_cat":[15],"product_tag":[],"class_list":{"0":"post-15660","1":"product","2":"type-product","3":"status-publish","4":"has-post-thumbnail","6":"product_cat-other-products","8":"first","9":"instock","10":"shipping-taxable","11":"purchasable","12":"product-type-simple"},"acf":[],"_links":{"self":[{"href":"https:\/\/arganir.com\/fr\/wp-json\/wp\/v2\/product\/15660"}],"collection":[{"href":"https:\/\/arganir.com\/fr\/wp-json\/wp\/v2\/product"}],"about":[{"href":"https:\/\/arganir.com\/fr\/wp-json\/wp\/v2\/types\/product"}],"version-history":[{"count":3,"href":"https:\/\/arganir.com\/fr\/wp-json\/wp\/v2\/product\/15660\/revisions"}],"predecessor-version":[{"id":16218,"href":"https:\/\/arganir.com\/fr\/wp-json\/wp\/v2\/product\/15660\/revisions\/16218"}],"wp:featuredmedia":[{"embeddable":true,"href":"https:\/\/arganir.com\/fr\/wp-json\/wp\/v2\/media\/15982"}],"wp:attachment":[{"href":"https:\/\/arganir.com\/fr\/wp-json\/wp\/v2\/media?parent=15660"}],"wp:term":[{"taxonomy":"product_cat","embeddable":true,"href":"https:\/\/arganir.com\/fr\/wp-json\/wp\/v2\/product_cat?post=15660"},{"taxonomy":"product_tag","embeddable":true,"href":"https:\/\/arganir.com\/fr\/wp-json\/wp\/v2\/product_tag?post=15660"}],"curies":[{"name":"wp","href":"https:\/\/api.w.org\/{rel}","templated":true}]}}