{"id":15657,"date":"2024-09-29T22:39:43","date_gmt":"2024-09-29T22:39:43","guid":{"rendered":"https:\/\/arganir.com\/?post_type=product&#038;p=15657"},"modified":"2025-03-04T02:37:17","modified_gmt":"2025-03-04T02:37:17","slug":"%d8%b2%d9%8a%d8%aa-%d8%a7%d9%84%d8%a3%d8%b1%d9%83%d8%a7%d9%86-1%d9%84","status":"publish","type":"product","link":"https:\/\/arganir.com\/fr\/produit\/%d8%b2%d9%8a%d8%aa-%d8%a7%d9%84%d8%a3%d8%b1%d9%83%d8%a7%d9%86-1%d9%84\/","title":{"rendered":"Huile d'argan 1L"},"content":{"rendered":"<p style=\"text-align: center;\"><strong>L'huile d'argan, v\u00e9ritable tr\u00e9sor de la nature, est extraite des fruits de l'arganier, arbre embl\u00e9matique du maroc. reconnue pour ses multiples bienfaits, l'huile d'argan est riche en vitamine e et en acides gras essentiels, ce qui en fait un alli\u00e9 pr\u00e9cieux pour votre peau et vos cheveux<\/strong><\/p>\n<p style=\"text-align: center;\">","protected":false},"excerpt":{"rendered":"<p style=\"text-align: center;\"><strong>L'huile d'argan, v\u00e9ritable tr\u00e9sor de la nature, est extraite des fruits de l'arganier, arbre embl\u00e9matique du maroc. reconnue pour ses multiples bienfaits, l'huile d'argan est riche en vitamine e et en acides gras essentiels, ce qui en fait un alli\u00e9 pr\u00e9cieux pour votre peau et vos cheveux<\/strong><\/p>","protected":false},"featured_media":15999,"template":"","meta":{"_acf_changed":false,"_joinchat":[]},"product_cat":[259],"product_tag":[],"class_list":{"0":"post-15657","1":"product","2":"type-product","3":"status-publish","4":"has-post-thumbnail","6":"product_cat-argan","8":"first","9":"instock","10":"shipping-taxable","11":"purchasable","12":"product-type-simple"},"acf":[],"_links":{"self":[{"href":"https:\/\/arganir.com\/fr\/wp-json\/wp\/v2\/product\/15657"}],"collection":[{"href":"https:\/\/arganir.com\/fr\/wp-json\/wp\/v2\/product"}],"about":[{"href":"https:\/\/arganir.com\/fr\/wp-json\/wp\/v2\/types\/product"}],"version-history":[{"count":5,"href":"https:\/\/arganir.com\/fr\/wp-json\/wp\/v2\/product\/15657\/revisions"}],"predecessor-version":[{"id":16178,"href":"https:\/\/arganir.com\/fr\/wp-json\/wp\/v2\/product\/15657\/revisions\/16178"}],"wp:featuredmedia":[{"embeddable":true,"href":"https:\/\/arganir.com\/fr\/wp-json\/wp\/v2\/media\/15999"}],"wp:attachment":[{"href":"https:\/\/arganir.com\/fr\/wp-json\/wp\/v2\/media?parent=15657"}],"wp:term":[{"taxonomy":"product_cat","embeddable":true,"href":"https:\/\/arganir.com\/fr\/wp-json\/wp\/v2\/product_cat?post=15657"},{"taxonomy":"product_tag","embeddable":true,"href":"https:\/\/arganir.com\/fr\/wp-json\/wp\/v2\/product_tag?post=15657"}],"curies":[{"name":"wp","href":"https:\/\/api.w.org\/{rel}","templated":true}]}}