{"id":15207,"date":"2024-08-06T14:10:32","date_gmt":"2024-08-06T14:10:32","guid":{"rendered":"https:\/\/arganir.com\/?post_type=product&#038;p=15207"},"modified":"2025-02-18T20:34:02","modified_gmt":"2025-02-18T20:34:02","slug":"amlou-1kg","status":"publish","type":"product","link":"https:\/\/arganir.com\/fr\/produit\/amlou-1kg\/","title":{"rendered":"Amlou 1KG"},"content":{"rendered":"<p style=\"text-align: center;\"><strong>L'Amlou est une p\u00e2te \u00e0 tartiner issue d'une recette traditionnelle amazighe, 100 % naturelle.\n\nElle est compos\u00e9e d'amandes, de miel pur de fleur d'oranger et d'huile d'argan biologique torr\u00e9fi\u00e9e.<\/strong><\/p>\n<p style=\"text-align: center;\"><strong>Notre Amlou Beldi allie des ingr\u00e9dients gourmands et \u00e9nergisants, id\u00e9al pour le petit-d\u00e9jeuner ou en collation<\/strong><\/p>\n<p style=\"text-align: center;\"><strong>Ingr\u00e9dients : Amandes, huile d\u2019argan bio et miel.<\/strong><\/p>\n<p style=\"text-align: center;\">","protected":false},"excerpt":{"rendered":"<p style=\"text-align: center;\"><strong>L'Amlou est une p\u00e2te \u00e0 tartiner issue d'une recette traditionnelle amazighe, 100 % naturelle.\n\nElle est compos\u00e9e d'amandes, de miel pur de fleur d'oranger et d'huile d'argan biologique torr\u00e9fi\u00e9e.<\/strong><\/p>\n<p style=\"text-align: center;\"><strong>Notre Amlou Beldi allie des ingr\u00e9dients gourmands et \u00e9nergisants, id\u00e9al pour le petit-d\u00e9jeuner ou en collation<\/strong><\/p>\n<p style=\"text-align: center;\"><strong>Ingr\u00e9dients : Amandes, huile d\u2019argan bio et miel.<\/strong><\/p>\n<p style=\"text-align: center;\">","protected":false},"featured_media":15977,"template":"","meta":{"_acf_changed":false,"_joinchat":[]},"product_cat":[257],"product_tag":[],"class_list":{"0":"post-15207","1":"product","2":"type-product","3":"status-publish","4":"has-post-thumbnail","6":"product_cat-amlou","8":"first","9":"instock","10":"shipping-taxable","11":"purchasable","12":"product-type-simple"},"acf":[],"_links":{"self":[{"href":"https:\/\/arganir.com\/fr\/wp-json\/wp\/v2\/product\/15207"}],"collection":[{"href":"https:\/\/arganir.com\/fr\/wp-json\/wp\/v2\/product"}],"about":[{"href":"https:\/\/arganir.com\/fr\/wp-json\/wp\/v2\/types\/product"}],"version-history":[{"count":10,"href":"https:\/\/arganir.com\/fr\/wp-json\/wp\/v2\/product\/15207\/revisions"}],"predecessor-version":[{"id":16182,"href":"https:\/\/arganir.com\/fr\/wp-json\/wp\/v2\/product\/15207\/revisions\/16182"}],"wp:featuredmedia":[{"embeddable":true,"href":"https:\/\/arganir.com\/fr\/wp-json\/wp\/v2\/media\/15977"}],"wp:attachment":[{"href":"https:\/\/arganir.com\/fr\/wp-json\/wp\/v2\/media?parent=15207"}],"wp:term":[{"taxonomy":"product_cat","embeddable":true,"href":"https:\/\/arganir.com\/fr\/wp-json\/wp\/v2\/product_cat?post=15207"},{"taxonomy":"product_tag","embeddable":true,"href":"https:\/\/arganir.com\/fr\/wp-json\/wp\/v2\/product_tag?post=15207"}],"curies":[{"name":"wp","href":"https:\/\/api.w.org\/{rel}","templated":true}]}}