{"id":15205,"date":"2024-08-06T14:09:33","date_gmt":"2024-08-06T14:09:33","guid":{"rendered":"https:\/\/arganir.com\/?post_type=product&#038;p=15205"},"modified":"2024-11-15T18:04:52","modified_gmt":"2024-11-15T18:04:52","slug":"miel-deuphorbe","status":"publish","type":"product","link":"https:\/\/arganir.com\/fr\/produit\/miel-deuphorbe\/","title":{"rendered":"Miel d'Euphorbe 1L"},"content":{"rendered":"<p style=\"text-align: center;\"><strong><u>Miel d'Euphorbe<\/u><\/strong><\/p>\n<p style=\"text-align: center;\"><strong>Il provient de la r\u00e9gion des Ait Baamran au Maroc et est r\u00e9colt\u00e9 de mani\u00e8re traditionnelle.<\/strong><\/p>\n<p style=\"text-align: center;\"><strong>Les propri\u00e9t\u00e9s m\u00e9dicinales de ce miel sont nombreuses.<\/strong><\/p>\n<p style=\"text-align: center;\"><strong>Tonifiant : Traite les infections de la gorge.<\/strong><\/p>\n<p style=\"text-align: center;\"><strong>R\u00e9chauffe : Soulage la toux.<\/strong><\/p>\n<p style=\"text-align: center;\"><strong>Propri\u00e9t\u00e9s m\u00e9dicinales traditionnelles : Hypertension, maladies cardiovasculaires et asthme allergique<\/strong><\/p>","protected":false},"excerpt":{"rendered":"<p style=\"text-align: center;\"><strong><u>Miel d'Euphorbe<\/u><\/strong><\/p>\n<p style=\"text-align: center;\"><strong>Il provient de la r\u00e9gion des Ait Baamran au Maroc et est r\u00e9colt\u00e9 de mani\u00e8re traditionnelle.<\/strong><\/p>\n<p style=\"text-align: center;\"><strong>Les propri\u00e9t\u00e9s m\u00e9dicinales de ce miel sont nombreuses.<\/strong><\/p>\n<p style=\"text-align: center;\"><strong>Tonifiant : Traite les infections de la gorge.<\/strong><\/p>\n<p style=\"text-align: center;\"><strong>R\u00e9chauffe : Soulage la toux.<\/strong><\/p>\n<p style=\"text-align: center;\"><strong>Propri\u00e9t\u00e9s m\u00e9dicinales traditionnelles : Hypertension, maladies cardiovasculaires et asthme allergique<\/strong><\/p>","protected":false},"featured_media":15987,"template":"","meta":{"_acf_changed":false,"_joinchat":[]},"product_cat":[255],"product_tag":[],"class_list":{"0":"post-15205","1":"product","2":"type-product","3":"status-publish","4":"has-post-thumbnail","6":"product_cat-miel","8":"first","9":"instock","10":"shipping-taxable","11":"purchasable","12":"product-type-simple"},"acf":[],"_links":{"self":[{"href":"https:\/\/arganir.com\/fr\/wp-json\/wp\/v2\/product\/15205"}],"collection":[{"href":"https:\/\/arganir.com\/fr\/wp-json\/wp\/v2\/product"}],"about":[{"href":"https:\/\/arganir.com\/fr\/wp-json\/wp\/v2\/types\/product"}],"version-history":[{"count":8,"href":"https:\/\/arganir.com\/fr\/wp-json\/wp\/v2\/product\/15205\/revisions"}],"predecessor-version":[{"id":16209,"href":"https:\/\/arganir.com\/fr\/wp-json\/wp\/v2\/product\/15205\/revisions\/16209"}],"wp:featuredmedia":[{"embeddable":true,"href":"https:\/\/arganir.com\/fr\/wp-json\/wp\/v2\/media\/15987"}],"wp:attachment":[{"href":"https:\/\/arganir.com\/fr\/wp-json\/wp\/v2\/media?parent=15205"}],"wp:term":[{"taxonomy":"product_cat","embeddable":true,"href":"https:\/\/arganir.com\/fr\/wp-json\/wp\/v2\/product_cat?post=15205"},{"taxonomy":"product_tag","embeddable":true,"href":"https:\/\/arganir.com\/fr\/wp-json\/wp\/v2\/product_tag?post=15205"}],"curies":[{"name":"wp","href":"https:\/\/api.w.org\/{rel}","templated":true}]}}