{"id":15203,"date":"2024-08-06T14:08:55","date_gmt":"2024-08-06T14:08:55","guid":{"rendered":"https:\/\/arganir.com\/?post_type=product&#038;p=15203"},"modified":"2025-03-04T02:40:00","modified_gmt":"2025-03-04T02:40:00","slug":"huile-dargan","status":"publish","type":"product","link":"https:\/\/arganir.com\/fr\/produit\/huile-dargan\/","title":{"rendered":"Huile d'argan 250 ml"},"content":{"rendered":"<p style=\"text-align: center;\"><strong>L'huile d'argan, v\u00e9ritable tr\u00e9sor de la nature, est extraite des fruits de l'arganier, arbre embl\u00e9matique du maroc. reconnue pour ses multiples bienfaits, l'huile d'argan est riche en vitamine e et en acides gras essentiels, ce qui en fait un alli\u00e9 pr\u00e9cieux pour votre peau et vos cheveux<\/strong><\/p>\n<p style=\"text-align: center;\">","protected":false},"excerpt":{"rendered":"<p style=\"text-align: center;\"><strong>L'huile d'argan, v\u00e9ritable tr\u00e9sor de la nature, est extraite des fruits de l'arganier, arbre embl\u00e9matique du maroc. reconnue pour ses multiples bienfaits, l'huile d'argan est riche en vitamine e et en acides gras essentiels, ce qui en fait un alli\u00e9 pr\u00e9cieux pour votre peau et vos cheveux<\/strong><\/p>","protected":false},"featured_media":16000,"template":"","meta":{"_acf_changed":false,"_joinchat":[]},"product_cat":[259],"product_tag":[],"class_list":{"0":"post-15203","1":"product","2":"type-product","3":"status-publish","4":"has-post-thumbnail","6":"product_cat-argan","8":"first","9":"instock","10":"shipping-taxable","11":"purchasable","12":"product-type-simple"},"acf":[],"_links":{"self":[{"href":"https:\/\/arganir.com\/fr\/wp-json\/wp\/v2\/product\/15203"}],"collection":[{"href":"https:\/\/arganir.com\/fr\/wp-json\/wp\/v2\/product"}],"about":[{"href":"https:\/\/arganir.com\/fr\/wp-json\/wp\/v2\/types\/product"}],"version-history":[{"count":10,"href":"https:\/\/arganir.com\/fr\/wp-json\/wp\/v2\/product\/15203\/revisions"}],"predecessor-version":[{"id":16184,"href":"https:\/\/arganir.com\/fr\/wp-json\/wp\/v2\/product\/15203\/revisions\/16184"}],"wp:featuredmedia":[{"embeddable":true,"href":"https:\/\/arganir.com\/fr\/wp-json\/wp\/v2\/media\/16000"}],"wp:attachment":[{"href":"https:\/\/arganir.com\/fr\/wp-json\/wp\/v2\/media?parent=15203"}],"wp:term":[{"taxonomy":"product_cat","embeddable":true,"href":"https:\/\/arganir.com\/fr\/wp-json\/wp\/v2\/product_cat?post=15203"},{"taxonomy":"product_tag","embeddable":true,"href":"https:\/\/arganir.com\/fr\/wp-json\/wp\/v2\/product_tag?post=15203"}],"curies":[{"name":"wp","href":"https:\/\/api.w.org\/{rel}","templated":true}]}}