{"id":15200,"date":"2024-08-06T14:07:02","date_gmt":"2024-08-06T14:07:02","guid":{"rendered":"https:\/\/arganir.com\/?post_type=product&#038;p=15200"},"modified":"2025-02-18T20:50:17","modified_gmt":"2025-02-18T20:50:17","slug":"safran-de-taliouine","status":"publish","type":"product","link":"https:\/\/arganir.com\/fr\/produit\/safran-de-taliouine\/","title":{"rendered":"Safran"},"content":{"rendered":"<p style=\"text-align: center;\"><strong>Le safran de Taliouine, connu sous le nom de \"l'or rouge\", est r\u00e9put\u00e9 pour sa qualit\u00e9 exceptionnelle. Cultiv\u00e9 dans la r\u00e9gion de Taliouine au Maroc, ce safran pur et aromatique est id\u00e9al pour sublimer vos plats avec une saveur unique et une couleur \u00e9clatante.<\/strong><\/p>\n<p style=\"text-align: center;\"><strong>Un v\u00e9ritable joyau des arts culinaires marocains.<\/strong><\/p>","protected":false},"excerpt":{"rendered":"<p style=\"text-align: center;\"><strong>Le safran de Taliouine, connu sous le nom de \"l'or rouge\", est r\u00e9put\u00e9 pour sa qualit\u00e9 exceptionnelle. Cultiv\u00e9 dans la r\u00e9gion de Taliouine au Maroc, ce safran pur et aromatique est id\u00e9al pour sublimer vos plats avec une saveur unique et une couleur \u00e9clatante.<\/strong><\/p>\n<p style=\"text-align: center;\"><strong>Un v\u00e9ritable joyau des arts culinaires marocains.<\/strong><\/p>","protected":false},"featured_media":16002,"template":"","meta":{"_acf_changed":false,"_joinchat":[]},"product_cat":[256],"product_tag":[],"class_list":{"0":"post-15200","1":"product","2":"type-product","3":"status-publish","4":"has-post-thumbnail","6":"product_cat-safran","8":"first","9":"instock","10":"shipping-taxable","11":"purchasable","12":"product-type-simple"},"acf":[],"_links":{"self":[{"href":"https:\/\/arganir.com\/fr\/wp-json\/wp\/v2\/product\/15200"}],"collection":[{"href":"https:\/\/arganir.com\/fr\/wp-json\/wp\/v2\/product"}],"about":[{"href":"https:\/\/arganir.com\/fr\/wp-json\/wp\/v2\/types\/product"}],"version-history":[{"count":5,"href":"https:\/\/arganir.com\/fr\/wp-json\/wp\/v2\/product\/15200\/revisions"}],"predecessor-version":[{"id":16185,"href":"https:\/\/arganir.com\/fr\/wp-json\/wp\/v2\/product\/15200\/revisions\/16185"}],"wp:featuredmedia":[{"embeddable":true,"href":"https:\/\/arganir.com\/fr\/wp-json\/wp\/v2\/media\/16002"}],"wp:attachment":[{"href":"https:\/\/arganir.com\/fr\/wp-json\/wp\/v2\/media?parent=15200"}],"wp:term":[{"taxonomy":"product_cat","embeddable":true,"href":"https:\/\/arganir.com\/fr\/wp-json\/wp\/v2\/product_cat?post=15200"},{"taxonomy":"product_tag","embeddable":true,"href":"https:\/\/arganir.com\/fr\/wp-json\/wp\/v2\/product_tag?post=15200"}],"curies":[{"name":"wp","href":"https:\/\/api.w.org\/{rel}","templated":true}]}}