{"id":493,"date":"2024-06-08T17:07:24","date_gmt":"2024-06-08T17:07:24","guid":{"rendered":"https:\/\/lesya-demo.bslthemes.com\/?page_id=493"},"modified":"2024-10-14T02:28:13","modified_gmt":"2024-10-14T02:28:13","slug":"about-us","status":"publish","type":"page","link":"https:\/\/arganir.com\/fr\/about-us\/","title":{"rendered":"Qui Sommes Nous ?"},"content":{"rendered":"<div data-elementor-type=\"wp-page\" data-elementor-id=\"493\" class=\"elementor elementor-493\" data-elementor-post-type=\"page\">\n\t\t\t\t\t\t<section class=\"elementor-section elementor-top-section elementor-element elementor-element-0764387 elementor-section-full_width elementor-section-height-default elementor-section-height-default\" data-id=\"0764387\" data-element_type=\"section\">\n\t\t\t\t\t\t<div class=\"elementor-container elementor-column-gap-no\">\n\t\t\t\t\t<div class=\"elementor-column elementor-col-100 elementor-top-column elementor-element elementor-element-d4bf4ba\" data-id=\"d4bf4ba\" data-element_type=\"column\">\n\t\t\t<div class=\"elementor-widget-wrap elementor-element-populated\">\n\t\t\t\t\t\t<div class=\"elementor-element elementor-element-14842c2 elementor-widget elementor-widget-lesya-intro-section\" data-id=\"14842c2\" data-element_type=\"widget\" data-widget_type=\"lesya-intro-section.default\">\n\t\t\t\t<div class=\"elementor-widget-container\">\n\t\t\t\n      <!-- Page Banner Start -->\n      <section class=\"page-banner text-white py-165 rpy-130\" style=\"background-image: url(https:\/\/arganir.com\/wp-content\/uploads\/2024\/08\/355419743_1391456464970253_3679256485428129509_n.jpg);\">\n      \t<div class=\"container\">\n      \t\t<div class=\"banner-inner\">\n                        <span class=\"bg-text\">\n              <span >Qui Sommes Nous ?<\/span>\n            <\/span>\n                                    <h1 class=\"page-title wow fadeInUp delay-0-2s\">\n              <span >Qui Sommes Nous ?<\/span>\n            <\/h1>\n                        <ol class=\"breadcrumb wow fadeInUp delay-0-4s\"><li class=\"breadcrumb-item\"><a href=\"https:\/\/arganir.com\/fr\/\" title=\"ARGANIR\">Home<\/a><\/li><li class=\"breadcrumb-item\"><span><\/span><\/li><\/ol>      \t\t<\/div>\n      \t<\/div>\n      <\/section>\n      <!-- Page Banner End -->\n\n      \t\t<\/div>\n\t\t\t\t<\/div>\n\t\t\t\t\t<\/div>\n\t\t<\/div>\n\t\t\t\t\t<\/div>\n\t\t<\/section>\n\t\t\t\t<section class=\"elementor-section elementor-top-section elementor-element elementor-element-4d955545 elementor-section-full_width elementor-section-height-default elementor-section-height-default\" data-id=\"4d955545\" data-element_type=\"section\">\n\t\t\t\t\t\t<div class=\"elementor-container elementor-column-gap-no\">\n\t\t\t\t\t<div class=\"elementor-column elementor-col-100 elementor-top-column elementor-element elementor-element-5c22fb4d\" data-id=\"5c22fb4d\" data-element_type=\"column\">\n\t\t\t<div class=\"elementor-widget-wrap elementor-element-populated\">\n\t\t\t\t\t\t<div class=\"elementor-element elementor-element-66b637da elementor-widget elementor-widget-lesya-about-us\" data-id=\"66b637da\" data-element_type=\"widget\" data-widget_type=\"lesya-about-us.default\">\n\t\t\t\t<div class=\"elementor-widget-container\">\n\t\t\t\n    <!-- About Section Start -->\n    <section class=\"about-section rel pt-150 rpt-100 py-150\">\n        <div class=\"container\">\n            <div class=\"row align-items-center\">\n                <div class=\"col-lg-6\">\n                                        <div class=\"about-left rmb-55 wow fadeInLeft delay-0-2s\">\n                        <img decoding=\"async\" src=\"https:\/\/arganir.com\/wp-content\/uploads\/2024\/08\/ARGANIR-LOGO-MARON-900x512.png\" alt=\"Arganir\" \/>\n\t\t\t\t\t\t\t\t\t\t\t\t\t\t\t\t\t\t\t\t\t\t\t\t\t\t\t\t\t\t\t\t\t\t\t\t<div class=\"circle-image\">\n\t\t\t\t\t\t\t\t\t\t\t\t\t\t<img decoding=\"async\" src=\"https:\/\/arganir.com\/wp-content\/uploads\/2024\/10\/argan-spring.webp\" alt=\"\">\n\t\t\t\t\t\t\t\t\t\t\t\t<\/div>\n\t\t\t\t\t\t\t\t\t\t\t\t\t\t\t\t\t\t\t\t\t\t\t\t                    <\/div>\n                                    <\/div>\n                <div class=\"col-lg-6\">\n                    <div class=\"about-content wow fadeInRight delay-0-2s\">\n\t\t\t\t\t\t\t\t\t\t\t\t\t\t\t\t\t\t\t\t\t\t\t\t<div class=\"section-title mb-30\">\n                                                        <span class=\"bg-text\">\n                              <span >\n            \t\t\t\t\t\t\t\t\t\tQui Sommes Nous ?            \t\t\t\t\t\t\t\t\t<\/span>\n                            <\/span>\n                                                                                                            <\/div>\n\t\t\t\t\t\t\t\t\t\t\t\t                                \t\t\t\t\t\t\t\t<div class=\"description\">\n        \t\t\t\t\t\t\t\t\t<div >\n        \t\t\t\t\t\t\t\t\t\t<div class=\"flex max-w-full flex-col flex-grow\"><div class=\"min-h-8 text-message flex w-full flex-col items-end gap-2 whitespace-normal break-words [.text-message+&amp;]:mt-5\" dir=\"auto\" data-message-author-role=\"assistant\" data-message-id=\"3e8fc425-f990-4a98-bc25-59daa9468ca8\"><div class=\"flex w-full flex-col gap-1 empty:hidden first:pt-[3px]\"><div class=\"markdown prose w-full break-words dark:prose-invert light\"><h2 style=\"text-align: center\">Qui Sommes Nous ?<\/h2><p style=\"text-align: center\"><strong>Bienvenue chez Arganir Bio, o\u00f9 chaque produit c\u00e9l\u00e8bre la puret\u00e9 et la richesse de l'huile d'argan. D\u00e9couvrez notre gamme de produits 100% naturels et prenez soin de vous naturellement.<\/strong><\/p><\/div><\/div><\/div><\/div>        \t\t\t\t\t\t\t\t\t<\/div>\n        \t\t\t\t\t\t\t\t<\/div>\n        \t\t\t\t\t\t\t\t                                                <ul class=\"list-style-one pt-20 pb-25\">\n                                                    <li>\n                            <span >\n  \t\t\t\t\t\t\t\t\t\t\t\t\t\tProduits Naturels  \t\t\t\t\t\t\t\t\t\t\t\t\t<\/span>\n                          <\/li>\n                                                    <li>\n                            <span >\n  \t\t\t\t\t\t\t\t\t\t\t\t\t\tProduits d\u00e9riv\u00e9s de l'argan  \t\t\t\t\t\t\t\t\t\t\t\t\t<\/span>\n                          <\/li>\n                                                    <li>\n                            <span >\n  \t\t\t\t\t\t\t\t\t\t\t\t\t\tProduits marocains 100% naturels\n\n\n  \t\t\t\t\t\t\t\t\t\t\t\t\t<\/span>\n                          <\/li>\n                                                  <\/ul>\n                                                                    <\/div>\n                <\/div>\n            <\/div>\n        <\/div>\n\t\t\t\t\t\t\t\t\t\t\t\t<div class=\"about-right-leaf\">\n\t\t\t\t\t<img decoding=\"async\" src=\"https:\/\/arganir.com\/wp-content\/uploads\/2024\/10\/banner-1.webp\" alt=\"\">\n\t\t\t\t<\/div>\n\t\t\t\t\t\t\t\t    <\/section>\n    <!-- About Section End -->\n\n\t\t\t\t<\/div>\n\t\t\t\t<\/div>\n\t\t\t\t\t<\/div>\n\t\t<\/div>\n\t\t\t\t\t<\/div>\n\t\t<\/section>\n\t\t\t\t<section class=\"elementor-section elementor-top-section elementor-element elementor-element-0f9f8e4 elementor-section-full_width elementor-section-height-default elementor-section-height-default\" data-id=\"0f9f8e4\" data-element_type=\"section\">\n\t\t\t\t\t\t<div class=\"elementor-container elementor-column-gap-no\">\n\t\t\t\t\t<div class=\"elementor-column elementor-col-100 elementor-top-column elementor-element elementor-element-9ef1a4c\" data-id=\"9ef1a4c\" data-element_type=\"column\">\n\t\t\t<div class=\"elementor-widget-wrap elementor-element-populated\">\n\t\t\t\t\t\t<div class=\"elementor-element elementor-element-e48582e elementor-widget elementor-widget-lesya-features\" data-id=\"e48582e\" data-element_type=\"widget\" data-widget_type=\"lesya-features.default\">\n\t\t\t\t<div class=\"elementor-widget-container\">\n\t\t\t\n\t\t<!-- Features Section Start -->\n\t\t<section class=\"features-section rel z-1 pt-150 rpt-100\">\n\t\t\t\t<div class=\"container-fluid\">\n\t\t\t\t\t\t<div class=\"row\">\n\t\t\t\t\t\t\t <div class=\"col-xl-3 align-self-end\">\n\t\t\t\t\t\t\t\t \t \t\t\t\t\t\t\t\t\t <div class=\"features-image left-image wow fadeInDown delay-0-2s\">\n\t\t\t\t\t\t\t\t\t\t\t <img decoding=\"async\" src=\"https:\/\/arganir.com\/wp-content\/uploads\/2024\/08\/cropped-Plan-de-travail-\u2013-6.png\" alt=\"Arganir\" \/>\n\t\t\t\t\t\t\t\t\t <\/div>\n\t\t\t\t\t\t\t\t\t \t\t\t\t\t\t\t <\/div>\n\t\t\t\t\t\t\t\t<div class=\"col-xl-6\">\n\t\t\t\t\t\t\t\t\t\t<div class=\"features-section-content\">\n\t\t\t\t\t\t\t\t\t\t\t\t\t\t\t\t\t\t\t\t\t\t\t\t<div class=\"section-title text-center mb-15\">\n\t\t\t\t\t\t\t\t\t\t\t\t\t\t\t\t\t\t\t\t\t\t\t\t\t\t\t\t<span class=\"bg-text\">\n\t\t\t\t\t\t\t\t\t\t\t\t\t\t\t<span >\n            \t\t\t\t\t\t\t\t\t\tQui Sommes Nous ?            \t\t\t\t\t\t\t\t\t<\/span>\n\t\t\t\t\t\t\t\t\t\t\t\t\t\t<\/span>\n\t\t\t\t\t\t\t\t\t\t\t\t\t\t\t\t\t\t\t\t\t\t\t\t\t\t\t\t\t\t\t\t\t\t\t\t\t\t\t\t\t\t\t\t\t\t\t\t\t\t\t\t\t\t\t\t<h2>\n\t\t\t\t\t\t\t\t\t\t\t\t\t\t\t<span >\n            \t\t\t\t\t\t\t\t\t\tNos Valeurs            \t\t\t\t\t\t\t\t\t<\/span>\n\t\t\t\t\t\t\t\t\t\t\t\t\t\t<\/h2>\n\t\t\t\t\t\t\t\t\t\t\t\t\t\t\t\t\t\t\t\t\t\t\t\t\t\t<\/div>\n\t\t\t\t\t\t\t\t\t\t\t\t\n\t\t\t\t\t\t\t\t\t\t\t\t\t\t\t\t\t\t\t\t\t\t\t\t<div class=\"features-item-wrap pb-150\">\n\t\t\t\t\t\t\t\t\t\t\t\t\t\t\t\t\t\t\t\t\t\t\t\t\t\t\t\t<div class=\"feature-item wow fadeInUp delay-0-2s\">\n\t\t\t\t\t\t\t\t\t\t\t\t\t\t\t\t\t\t\t\t\t\t\t\t\t\t\t\t\t\t\t\t<div class=\"icon\">\n\t\t\t\t\t\t\t\t\t\t\t\t\t\t\t\t\t\t<i class=\"flaticon-hand-cream\"><\/i>\n\t\t\t\t\t\t\t\t\t\t\t\t\t\t\t\t<\/div>\n\t\t\t\t\t\t\t\t\t\t\t\t\t\t\t\t\t\t\t\t\t\t\t\t\t\t\t\t\t\t\t\t<div class=\"feature-content\">\n\t\t\t\t\t\t\t\t\t\t\t\t\t\t\t\t\t\t\t\t\t\t\t\t\t\t\t\t\t\t\t\t\t\t\t\t<h4>\n\t\t\t\t\t\t\t\t\t\t\t\t\t\t\t\t\t\t\t\t\t\t\t\t\t\t\t\t\t\t\t\t\t\t\t\t\t\t\t<span >\n\t\t\t\t\t\t\t\t\t\t\t\t\t\t\t\t\t\t\t\t\tL'authenticit\u00e9\t\t\t\t\t\t\t\t\t\t\t\t\t\t\t\t\t\t\t\t<\/span>\n\t\t\t\t\t\t\t\t\t\t\t\t\t\t\t\t\t\t\t\t\t\t\t\t\t\t\t\t\t\t\t\t\t\t\t\t\t<\/h4>\n\t\t\t\t\t\t\t\t\t\t\t\t\t\t\t\t\t\t\t\t\t\t\t\t\t\t\t\t\t\t\t\t\t\t\t\t\t\t\t\t\t\t\t\t\t\t\t\t\t\t\t\t\t\t<span >\n\t\t\t\t\t\t\t\t\t\t\t\t\t\t\t\t\t\t\tNous s\u00e9lectionnons uniquement des ingr\u00e9dients purs et naturels, sans additifs ni produits chimiques. Chaque produit refl\u00e8te l'authenticit\u00e9 des traditions marocaines.\t\t\t\t\t\t\t\t\t\t\t\t\t\t\t\t\t\t<\/span>\n\t\t\t\t\t\t\t\t\t\t\t\t\t\t\t\t\t\t\t\t\t\t\t\t\t\t\t\t\t\t\t\t\t\t<\/div>\n\t\t\t\t\t\t\t\t\t\t\t\t\t\t<\/div>\n\t\t\t\t\t\t\t\t\t\t\t\t\t\t\t\t\t\t\t\t\t\t\t\t\t\t\t\t<div class=\"feature-item wow fadeInUp delay-0-4s\">\n\t\t\t\t\t\t\t\t\t\t\t\t\t\t\t\t\t\t\t\t\t\t\t\t\t\t\t\t\t\t\t\t<div class=\"icon\">\n\t\t\t\t\t\t\t\t\t\t\t\t\t\t\t\t\t\t<i class=\"flaticon-hand-cream\"><\/i>\n\t\t\t\t\t\t\t\t\t\t\t\t\t\t\t\t<\/div>\n\t\t\t\t\t\t\t\t\t\t\t\t\t\t\t\t\t\t\t\t\t\t\t\t\t\t\t\t\t\t\t\t<div class=\"feature-content\">\n\t\t\t\t\t\t\t\t\t\t\t\t\t\t\t\t\t\t\t\t\t\t\t\t\t\t\t\t\t\t\t\t\t\t\t\t<h4>\n\t\t\t\t\t\t\t\t\t\t\t\t\t\t\t\t\t\t\t\t\t\t\t\t\t\t\t\t\t\t\t\t\t\t\t\t\t\t\t<span >\n\t\t\t\t\t\t\t\t\t\t\t\t\t\t\t\t\t\t\t\t\tLa Qualit\u00e9\t\t\t\t\t\t\t\t\t\t\t\t\t\t\t\t\t\t\t\t<\/span>\n\t\t\t\t\t\t\t\t\t\t\t\t\t\t\t\t\t\t\t\t\t\t\t\t\t\t\t\t\t\t\t\t\t\t\t\t\t<\/h4>\n\t\t\t\t\t\t\t\t\t\t\t\t\t\t\t\t\t\t\t\t\t\t\t\t\t\t\t\t\t\t\t\t\t\t\t\t\t\t\t\t\t\t\t\t\t\t\t\t\t\t\t\t\t\t<span >\n\t\t\t\t\t\t\t\t\t\t\t\t\t\t\t\t\t\t\tNous nous engageons \u00e0 offrir des produits de la plus haute qualit\u00e9, test\u00e9s et certifi\u00e9s pour leur efficacit\u00e9 et leur s\u00e9curit\u00e9.\n\n\t\t\t\t\t\t\t\t\t\t\t\t\t\t\t\t\t\t<\/span>\n\t\t\t\t\t\t\t\t\t\t\t\t\t\t\t\t\t\t\t\t\t\t\t\t\t\t\t\t\t\t\t\t\t\t<\/div>\n\t\t\t\t\t\t\t\t\t\t\t\t\t\t<\/div>\n\t\t\t\t\t\t\t\t\t\t\t\t\t\t\t\t\t\t\t\t\t\t\t\t\t\t\t\t<div class=\"feature-item wow fadeInUp delay-0-6s\">\n\t\t\t\t\t\t\t\t\t\t\t\t\t\t\t\t\t\t\t\t\t\t\t\t\t\t\t\t\t\t\t\t<div class=\"icon\">\n\t\t\t\t\t\t\t\t\t\t\t\t\t\t\t\t\t\t<i class=\"flaticon-hand-cream\"><\/i>\n\t\t\t\t\t\t\t\t\t\t\t\t\t\t\t\t<\/div>\n\t\t\t\t\t\t\t\t\t\t\t\t\t\t\t\t\t\t\t\t\t\t\t\t\t\t\t\t\t\t\t\t<div class=\"feature-content\">\n\t\t\t\t\t\t\t\t\t\t\t\t\t\t\t\t\t\t\t\t\t\t\t\t\t\t\t\t\t\t\t\t\t\t\t\t<h4>\n\t\t\t\t\t\t\t\t\t\t\t\t\t\t\t\t\t\t\t\t\t\t\t\t\t\t\t\t\t\t\t\t\t\t\t\t\t\t\t<span >\n\t\t\t\t\t\t\t\t\t\t\t\t\t\t\t\t\t\t\t\t\tDurabilit\u00e9\t\t\t\t\t\t\t\t\t\t\t\t\t\t\t\t\t\t\t\t<\/span>\n\t\t\t\t\t\t\t\t\t\t\t\t\t\t\t\t\t\t\t\t\t\t\t\t\t\t\t\t\t\t\t\t\t\t\t\t\t<\/h4>\n\t\t\t\t\t\t\t\t\t\t\t\t\t\t\t\t\t\t\t\t\t\t\t\t\t\t\t\t\t\t\t\t\t\t\t\t\t\t\t\t\t\t\t\t\t\t\t\t\t\t\t\t\t\t<span >\n\t\t\t\t\t\t\t\t\t\t\t\t\t\t\t\t\t\t\tNous soutenons les pratiques agricoles durables qui pr\u00e9servent l'environnement et soutiennent les communaut\u00e9s locales.\n\t\t\t\t\t\t\t\t\t\t\t\t\t\t\t\t\t\t<\/span>\n\t\t\t\t\t\t\t\t\t\t\t\t\t\t\t\t\t\t\t\t\t\t\t\t\t\t\t\t\t\t\t\t\t\t<\/div>\n\t\t\t\t\t\t\t\t\t\t\t\t\t\t<\/div>\n\t\t\t\t\t\t\t\t\t\t\t\t\t\t\t\t\t\t\t\t\t\t\t\t\t\t\t\t<div class=\"feature-item wow fadeInUp delay-0-8s\">\n\t\t\t\t\t\t\t\t\t\t\t\t\t\t\t\t\t\t\t\t\t\t\t\t\t\t\t\t\t\t\t\t<div class=\"icon\">\n\t\t\t\t\t\t\t\t\t\t\t\t\t\t\t\t\t\t<i class=\"flaticon-hand-cream\"><\/i>\n\t\t\t\t\t\t\t\t\t\t\t\t\t\t\t\t<\/div>\n\t\t\t\t\t\t\t\t\t\t\t\t\t\t\t\t\t\t\t\t\t\t\t\t\t\t\t\t\t\t\t\t<div class=\"feature-content\">\n\t\t\t\t\t\t\t\t\t\t\t\t\t\t\t\t\t\t\t\t\t\t\t\t\t\t\t\t\t\t\t\t\t\t\t\t<h4>\n\t\t\t\t\t\t\t\t\t\t\t\t\t\t\t\t\t\t\t\t\t\t\t\t\t\t\t\t\t\t\t\t\t\t\t\t\t\t\t<span >\n\t\t\t\t\t\t\t\t\t\t\t\t\t\t\t\t\t\t\t\t\tBien-\u00eatre\t\t\t\t\t\t\t\t\t\t\t\t\t\t\t\t\t\t\t\t<\/span>\n\t\t\t\t\t\t\t\t\t\t\t\t\t\t\t\t\t\t\t\t\t\t\t\t\t\t\t\t\t\t\t\t\t\t\t\t\t<\/h4>\n\t\t\t\t\t\t\t\t\t\t\t\t\t\t\t\t\t\t\t\t\t\t\t\t\t\t\t\t\t\t\t\t\t\t\t\t\t\t\t\t\t\t\t\t\t\t\t\t\t\t\t\t\t\t<span >\n\t\t\t\t\t\t\t\t\t\t\t\t\t\t\t\t\t\t\tNous nous engageons \u00e0 offrir des produits qui favorisent le bien-\u00eatre et la qualit\u00e9 de vie, en respectant les normes les plus strictes de puret\u00e9 et d'efficacit\u00e9.\n\n\t\t\t\t\t\t\t\t\t\t\t\t\t\t\t\t\t\t<\/span>\n\t\t\t\t\t\t\t\t\t\t\t\t\t\t\t\t\t\t\t\t\t\t\t\t\t\t\t\t\t\t\t\t\t\t<\/div>\n\t\t\t\t\t\t\t\t\t\t\t\t\t\t<\/div>\n\t\t\t\t\t\t\t\t\t\t\t\t\t\t\t\t\t\t\t\t\t\t\t\t\t\t<\/div>\n\t\t\t\t\t\t\t\t\t\t\t\t\t\t\t\t\t\t\t\t\t\t<\/div>\n\t\t\t\t\t\t\t\t<\/div>\n\t\t\t\t\t\t\t\t<div class=\"col-xl-3\">\n\t\t\t\t\t\t\t\t\t\t\t\t\t\t\t\t\t\t\t\t<div class=\"features-image right-image wow fadeInUp delay-0-2s\">\n\t\t\t\t\t\t\t\t\t\t\t\t<img decoding=\"async\" src=\"https:\/\/arganir.com\/wp-content\/uploads\/2024\/10\/argan-spring.webp\" alt=\"Arganir\" \/>\n\t\t\t\t\t\t\t\t\t\t<\/div>\n\t\t\t\t\t\t\t\t\t\t\t\t\t\t\t\t\t\t<\/div>\n\t\t\t\t\t\t<\/div>\n\t\t\t\t<\/div>\n\t\t\t\t\t\t\t\t<div class=\"reatures-leaf\">\n\t\t\t\t\t\t<img decoding=\"async\" src=\"\" alt=\"Arganir\" \/>\n\t\t\t\t<\/div>\n\t\t\t\t\t\t<\/section>\n\t\t<!-- Features Section End -->\n\n\t\t\t\t<\/div>\n\t\t\t\t<\/div>\n\t\t\t\t\t<\/div>\n\t\t<\/div>\n\t\t\t\t\t<\/div>\n\t\t<\/section>\n\t\t\t\t<\/div>","protected":false},"excerpt":{"rendered":"<p>\u0645\u0646 \u0646\u062d\u0646 \u0645\u0646 \u0646\u062d\u0646 Home Arganir \u0645\u0646 \u0646\u062d\u0646 \u0645\u0631\u062d\u0628\u064b\u0627 \u0628\u0643\u0645&#8230; <a href=\"https:\/\/arganir.com\/fr\/about-us\/\" class=\"theme-btn style-seven\">Learn more<i class=\"fas fa-long-arrow-alt-right\"><\/i><\/a><\/p>","protected":false},"author":1,"featured_media":0,"parent":0,"menu_order":0,"comment_status":"closed","ping_status":"closed","template":"template-layout-builder.php","meta":{"_acf_changed":false,"_joinchat":[],"footnotes":""},"class_list":["post-493","page","type-page","status-publish","hentry"],"acf":[],"_links":{"self":[{"href":"https:\/\/arganir.com\/fr\/wp-json\/wp\/v2\/pages\/493"}],"collection":[{"href":"https:\/\/arganir.com\/fr\/wp-json\/wp\/v2\/pages"}],"about":[{"href":"https:\/\/arganir.com\/fr\/wp-json\/wp\/v2\/types\/page"}],"author":[{"embeddable":true,"href":"https:\/\/arganir.com\/fr\/wp-json\/wp\/v2\/users\/1"}],"replies":[{"embeddable":true,"href":"https:\/\/arganir.com\/fr\/wp-json\/wp\/v2\/comments?post=493"}],"version-history":[{"count":71,"href":"https:\/\/arganir.com\/fr\/wp-json\/wp\/v2\/pages\/493\/revisions"}],"predecessor-version":[{"id":16048,"href":"https:\/\/arganir.com\/fr\/wp-json\/wp\/v2\/pages\/493\/revisions\/16048"}],"wp:attachment":[{"href":"https:\/\/arganir.com\/fr\/wp-json\/wp\/v2\/media?parent=493"}],"curies":[{"name":"wp","href":"https:\/\/api.w.org\/{rel}","templated":true}]}}